{"id":353126,"date":"2024-03-01T23:37:58","date_gmt":"2024-03-01T22:37:58","guid":{"rendered":"https:\/\/gajostest.a2hosted.com\/eshop\/zachyt-postroj-energy\/"},"modified":"2026-04-11T17:51:47","modified_gmt":"2026-04-11T15:51:47","slug":"zachyt-postroj-energy","status":"publish","type":"product","link":"https:\/\/gajos.sk\/eshop\/p\/zachyt-postroj-energy\/","title":{"rendered":"Zachyt.postroj ENERGY"},"content":{"rendered":"","protected":false},"excerpt":{"rendered":"<p>Komfortn\u00fd postroj vhodn\u00fd na pr\u00e1cu v priemysle a energetike. \u0160irok\u00e9 mo\u017enosti nastavenia umo\u017e\u0148uj\u00fa vysok\u00fd komfort pr\u00e1ce. Pevn\u00fd a \u0161irok\u00fd polohovac\u00ed p\u00e1s na z\u00edskanie ve\u013emi stabilnej polohy pri pracovnom polohovan\u00ed. Automatick\u00e9 spony pre \u013eahk\u00e9 obliekanie postroja. Verzia Energy Komfort je doplnen\u00e1 o polstrovanie nohavi\u010diek a ramenn\u00fdch popruhov.<\/p>\n","protected":false},"featured_media":353128,"template":"","meta":{"_acf_changed":false,"inline_featured_image":false},"product_brand":[],"product_cat":[2154,2153,2128],"product_tag":[1246],"class_list":{"0":"post-353126","1":"product","2":"type-product","3":"status-publish","4":"has-post-thumbnail","6":"product_cat-postroje","7":"product_cat-ochrana-proti-padu","8":"product_cat-ochranne-pomocky","9":"product_tag-lanex","10":"pa_velkost-xxl","11":"pa_velkost-m-xl","13":"first","14":"instock","15":"taxable","16":"shipping-taxable","17":"purchasable","18":"product-type-variable"},"acf":[],"_links":{"self":[{"href":"https:\/\/gajos.sk\/eshop\/wp-json\/wp\/v2\/product\/353126","targetHints":{"allow":["GET"]}}],"collection":[{"href":"https:\/\/gajos.sk\/eshop\/wp-json\/wp\/v2\/product"}],"about":[{"href":"https:\/\/gajos.sk\/eshop\/wp-json\/wp\/v2\/types\/product"}],"wp:featuredmedia":[{"embeddable":true,"href":"https:\/\/gajos.sk\/eshop\/wp-json\/wp\/v2\/media\/353128"}],"wp:attachment":[{"href":"https:\/\/gajos.sk\/eshop\/wp-json\/wp\/v2\/media?parent=353126"}],"wp:term":[{"taxonomy":"product_brand","embeddable":true,"href":"https:\/\/gajos.sk\/eshop\/wp-json\/wp\/v2\/product_brand?post=353126"},{"taxonomy":"product_cat","embeddable":true,"href":"https:\/\/gajos.sk\/eshop\/wp-json\/wp\/v2\/product_cat?post=353126"},{"taxonomy":"product_tag","embeddable":true,"href":"https:\/\/gajos.sk\/eshop\/wp-json\/wp\/v2\/product_tag?post=353126"}],"curies":[{"name":"wp","href":"https:\/\/api.w.org\/{rel}","templated":true}]}}