{"id":353109,"date":"2024-03-01T23:37:48","date_gmt":"2024-03-01T22:37:48","guid":{"rendered":"https:\/\/gajostest.a2hosted.com\/eshop\/zachycovaci-postroj-profi-evo-c\/"},"modified":"2026-04-11T17:51:47","modified_gmt":"2026-04-11T15:51:47","slug":"zachycovaci-postroj-profi-evo-c","status":"publish","type":"product","link":"https:\/\/gajos.sk\/eshop\/p\/zachycovaci-postroj-profi-evo-c\/","title":{"rendered":"Zachycovac\u00ed postroj PROFI EVO C"},"content":{"rendered":"","protected":false},"excerpt":{"rendered":"<p>Lanex PROTI EVO Komfortn\u00fd postroj s dobrou ergon\u00f3miou. Pou\u017eitie pri pr\u00e1ci na kon\u0161trukci\u00e1ch, sto\u017eiaroch a pri evaku\u00e1cii os\u00f4b. Postroj je mo\u017en\u00e9 tie\u017e pou\u017ei\u0165 v oblasti \u0161peci\u00e1lnych zlo\u017eiek &#8211; arm\u00e1da, pol\u00edcia, hasi\u010di a pod. Bezpe\u010dnostn\u00fd postroj PROFI EVO &#8211; zadn\u00e9 a predn\u00e9 pripojovacie body &#8211; bod pre z\u00e1chranu os\u00f4b, evaku\u00e1ciu alebo zlanenie &#8211; polohovac\u00ed p\u00e1s s bo\u010dn\u00fdmi okami &#8211; nastavite\u013en\u00e9 ramenn\u00e9, stehenn\u00e9 a chrbtov\u00e9 popruhy. Postroj je k dispoz\u00edcii aj v preveden\u00ed PROFI EVO C, ktor\u00e9 sa l\u00ed\u0161ia od prevedenia PROFI EVO v r\u00fdchlospon\u00e1ch pre \u013eahk\u00e9 oble\u010denie postroja.<\/p>\n","protected":false},"featured_media":353111,"template":"","meta":{"_acf_changed":false,"inline_featured_image":false},"product_brand":[],"product_cat":[2154,2153,2128],"product_tag":[1246],"class_list":{"0":"post-353109","1":"product","2":"type-product","3":"status-publish","4":"has-post-thumbnail","6":"product_cat-postroje","7":"product_cat-ochrana-proti-padu","8":"product_cat-ochranne-pomocky","9":"product_tag-lanex","10":"pa_velkost-xxl","11":"pa_velkost-m-xl","13":"first","14":"instock","15":"taxable","16":"shipping-taxable","17":"product-type-variable"},"acf":[],"_links":{"self":[{"href":"https:\/\/gajos.sk\/eshop\/wp-json\/wp\/v2\/product\/353109","targetHints":{"allow":["GET"]}}],"collection":[{"href":"https:\/\/gajos.sk\/eshop\/wp-json\/wp\/v2\/product"}],"about":[{"href":"https:\/\/gajos.sk\/eshop\/wp-json\/wp\/v2\/types\/product"}],"wp:featuredmedia":[{"embeddable":true,"href":"https:\/\/gajos.sk\/eshop\/wp-json\/wp\/v2\/media\/353111"}],"wp:attachment":[{"href":"https:\/\/gajos.sk\/eshop\/wp-json\/wp\/v2\/media?parent=353109"}],"wp:term":[{"taxonomy":"product_brand","embeddable":true,"href":"https:\/\/gajos.sk\/eshop\/wp-json\/wp\/v2\/product_brand?post=353109"},{"taxonomy":"product_cat","embeddable":true,"href":"https:\/\/gajos.sk\/eshop\/wp-json\/wp\/v2\/product_cat?post=353109"},{"taxonomy":"product_tag","embeddable":true,"href":"https:\/\/gajos.sk\/eshop\/wp-json\/wp\/v2\/product_tag?post=353109"}],"curies":[{"name":"wp","href":"https:\/\/api.w.org\/{rel}","templated":true}]}}