{"id":353106,"date":"2024-03-01T23:37:48","date_gmt":"2024-03-01T22:37:48","guid":{"rendered":"https:\/\/gajostest.a2hosted.com\/eshop\/zachycovaci-postroj-basic-xxl\/"},"modified":"2026-05-06T21:59:57","modified_gmt":"2026-05-06T19:59:57","slug":"zachycovaci-postroj-basic-xxl","status":"publish","type":"product","link":"https:\/\/gajos.sk\/eshop\/p\/zachycovaci-postroj-basic-xxl\/","title":{"rendered":"Zachycovac\u00ed postroj BASIC &#8211; XXL"},"content":{"rendered":"","protected":false},"excerpt":{"rendered":"<p>Lanex Basic XXL Jedn\u00e1 sa o z\u00e1kladn\u00fd typ postroja ur\u010den\u00fd pre \u0161tandardn\u00e9 pr\u00e1ce v stavebn\u00edctve \u2013 pokr\u00fdva\u010di, klampiari . Zachyt\u00e1vac\u00ed postroj BASIC m\u00e1 zadn\u00fd a predn\u00fd kotviaci prvok \u2013 nastavite\u013en\u00e9 ramenn\u00e9 a stehenn\u00e9 popruhy \u2013 pred\u013a\u017een\u00fd popruh k zadn\u00e9mu z\u00e1chytn\u00e9mu prvku.<\/p>\n","protected":false},"featured_media":353108,"template":"","meta":{"_acf_changed":false,"inline_featured_image":false},"product_brand":[],"product_cat":[2154,2153,2128],"product_tag":[1246],"class_list":{"0":"post-353106","1":"product","2":"type-product","3":"status-publish","4":"has-post-thumbnail","6":"product_cat-postroje","7":"product_cat-ochrana-proti-padu","8":"product_cat-ochranne-pomocky","9":"product_tag-lanex","10":"pa_velkost-uni","12":"first","13":"instock","14":"taxable","15":"shipping-taxable","16":"purchasable","17":"product-type-variable"},"acf":[],"_links":{"self":[{"href":"https:\/\/gajos.sk\/eshop\/wp-json\/wp\/v2\/product\/353106","targetHints":{"allow":["GET"]}}],"collection":[{"href":"https:\/\/gajos.sk\/eshop\/wp-json\/wp\/v2\/product"}],"about":[{"href":"https:\/\/gajos.sk\/eshop\/wp-json\/wp\/v2\/types\/product"}],"wp:featuredmedia":[{"embeddable":true,"href":"https:\/\/gajos.sk\/eshop\/wp-json\/wp\/v2\/media\/353108"}],"wp:attachment":[{"href":"https:\/\/gajos.sk\/eshop\/wp-json\/wp\/v2\/media?parent=353106"}],"wp:term":[{"taxonomy":"product_brand","embeddable":true,"href":"https:\/\/gajos.sk\/eshop\/wp-json\/wp\/v2\/product_brand?post=353106"},{"taxonomy":"product_cat","embeddable":true,"href":"https:\/\/gajos.sk\/eshop\/wp-json\/wp\/v2\/product_cat?post=353106"},{"taxonomy":"product_tag","embeddable":true,"href":"https:\/\/gajos.sk\/eshop\/wp-json\/wp\/v2\/product_tag?post=353106"}],"curies":[{"name":"wp","href":"https:\/\/api.w.org\/{rel}","templated":true}]}}