{"id":353095,"date":"2024-03-01T23:37:40","date_gmt":"2024-03-01T22:37:40","guid":{"rendered":"https:\/\/gajostest.a2hosted.com\/eshop\/zachycovaci-postroj-basic-m-xl\/"},"modified":"2026-04-20T00:56:43","modified_gmt":"2026-04-19T22:56:43","slug":"zachycovaci-postroj-basic-m-xl","status":"publish","type":"product","link":"https:\/\/gajos.sk\/eshop\/p\/zachycovaci-postroj-basic-m-xl\/","title":{"rendered":"Zachycovac\u00ed postroj BASIC &#8211; M\/XL"},"content":{"rendered":"","protected":false},"excerpt":{"rendered":"<p>Z\u00e1kladn\u00fd typ postroja ur\u010den\u00fd na \u0161tandardn\u00e9 pr\u00e1ce v stavebn\u00edctve (pokr\u00fdva\u010di, klampiari a pod.) so zadn\u00fdm a predn\u00fdm kotviacim prvkom, nastavite\u013en\u00fdmi ramenn\u00fdmi a stehenn\u00fdmi popruhmi a pred\u013a\u017een\u00fdm popruhom k zadn\u00e9mu z\u00e1chytn\u00e9mu prvku, sp\u013a\u0148a normu EN 361 (CE 0082).<\/p>\n","protected":false},"featured_media":353097,"template":"","meta":{"_acf_changed":false,"inline_featured_image":false},"product_brand":[],"product_cat":[2154,2153,2128],"product_tag":[1246],"class_list":{"0":"post-353095","1":"product","2":"type-product","3":"status-publish","4":"has-post-thumbnail","6":"product_cat-postroje","7":"product_cat-ochrana-proti-padu","8":"product_cat-ochranne-pomocky","9":"product_tag-lanex","10":"pa_velkost-uni","12":"first","13":"instock","14":"taxable","15":"shipping-taxable","16":"purchasable","17":"product-type-variable"},"acf":[],"_links":{"self":[{"href":"https:\/\/gajos.sk\/eshop\/wp-json\/wp\/v2\/product\/353095","targetHints":{"allow":["GET"]}}],"collection":[{"href":"https:\/\/gajos.sk\/eshop\/wp-json\/wp\/v2\/product"}],"about":[{"href":"https:\/\/gajos.sk\/eshop\/wp-json\/wp\/v2\/types\/product"}],"wp:featuredmedia":[{"embeddable":true,"href":"https:\/\/gajos.sk\/eshop\/wp-json\/wp\/v2\/media\/353097"}],"wp:attachment":[{"href":"https:\/\/gajos.sk\/eshop\/wp-json\/wp\/v2\/media?parent=353095"}],"wp:term":[{"taxonomy":"product_brand","embeddable":true,"href":"https:\/\/gajos.sk\/eshop\/wp-json\/wp\/v2\/product_brand?post=353095"},{"taxonomy":"product_cat","embeddable":true,"href":"https:\/\/gajos.sk\/eshop\/wp-json\/wp\/v2\/product_cat?post=353095"},{"taxonomy":"product_tag","embeddable":true,"href":"https:\/\/gajos.sk\/eshop\/wp-json\/wp\/v2\/product_tag?post=353095"}],"curies":[{"name":"wp","href":"https:\/\/api.w.org\/{rel}","templated":true}]}}