{"id":353039,"date":"2024-03-01T23:37:12","date_gmt":"2024-03-01T22:37:12","guid":{"rendered":"https:\/\/gajostest.a2hosted.com\/eshop\/3m-tr-6600-versaflo-predfiltr\/"},"modified":"2026-04-19T07:14:54","modified_gmt":"2026-04-19T05:14:54","slug":"3m-tr-6600-versaflo-predfiltr","status":"publish","type":"product","link":"https:\/\/gajos.sk\/eshop\/p\/3m-tr-6600-versaflo-predfiltr\/","title":{"rendered":"3M TR-6600 Versaflo P\u0159edfiltr"},"content":{"rendered":"","protected":false},"excerpt":{"rendered":"<p>TR-6600 mus\u00ed b\u00fdt instalov\u00e1n p\u0159esn\u011b podle u\u017eivatelsk\u00fdch instrukc\u00ed.<\/p>\n<p>M\u016f\u017ee sn\u00ed\u017eit provozn\u00ed n\u00e1klady t\u00edm, \u017ee prodlu\u017euje \u017eivotnost filtr\u016f \u0159ady TR-600.<\/p>\n<p>TR-6600 m\u016f\u017ee b\u00fdt pou\u017eita s TR-662 lapa\u010dem jisker.<\/p>\n","protected":false},"featured_media":353041,"template":"","meta":{"_acf_changed":false,"inline_featured_image":false},"product_brand":[],"product_cat":[2146,2538,2128],"product_tag":[1275],"class_list":{"0":"post-353039","1":"product","2":"type-product","3":"status-publish","4":"has-post-thumbnail","6":"product_cat-ochrana-dychacich-ciest","7":"product_cat-prislusenstvo-ochrana-dychacich-ciest","8":"product_cat-ochranne-pomocky","9":"product_tag-3m","10":"pa_velkost-uni","12":"first","13":"instock","14":"taxable","15":"shipping-taxable","16":"purchasable","17":"product-type-variable"},"acf":[],"_links":{"self":[{"href":"https:\/\/gajos.sk\/eshop\/wp-json\/wp\/v2\/product\/353039","targetHints":{"allow":["GET"]}}],"collection":[{"href":"https:\/\/gajos.sk\/eshop\/wp-json\/wp\/v2\/product"}],"about":[{"href":"https:\/\/gajos.sk\/eshop\/wp-json\/wp\/v2\/types\/product"}],"wp:featuredmedia":[{"embeddable":true,"href":"https:\/\/gajos.sk\/eshop\/wp-json\/wp\/v2\/media\/353041"}],"wp:attachment":[{"href":"https:\/\/gajos.sk\/eshop\/wp-json\/wp\/v2\/media?parent=353039"}],"wp:term":[{"taxonomy":"product_brand","embeddable":true,"href":"https:\/\/gajos.sk\/eshop\/wp-json\/wp\/v2\/product_brand?post=353039"},{"taxonomy":"product_cat","embeddable":true,"href":"https:\/\/gajos.sk\/eshop\/wp-json\/wp\/v2\/product_cat?post=353039"},{"taxonomy":"product_tag","embeddable":true,"href":"https:\/\/gajos.sk\/eshop\/wp-json\/wp\/v2\/product_tag?post=353039"}],"curies":[{"name":"wp","href":"https:\/\/api.w.org\/{rel}","templated":true}]}}