{"id":352884,"date":"2024-03-01T23:33:45","date_gmt":"2024-03-01T22:33:45","guid":{"rendered":"https:\/\/gajostest.a2hosted.com\/eshop\/hygotrendy-virazon-nano-ruska-3vrstva\/"},"modified":"2026-04-11T17:51:47","modified_gmt":"2026-04-11T15:51:47","slug":"hygotrendy-virazon-nano-ruska-3vrstva","status":"publish","type":"product","link":"https:\/\/gajos.sk\/eshop\/p\/hygotrendy-virazon-nano-ruska-3vrstva\/","title":{"rendered":"HYGOTRENDY VIRAZON NANO r\u00fa\u0161ka 3vrstv\u00e1"},"content":{"rendered":"","protected":false},"excerpt":{"rendered":"<p>&#8222;Jednor\u00e1zov\u00e1 3vrstvov\u00e1 NANO r\u00fa\u0161ka, priedu\u0161nos\u0165 200 l\/m2\/s, patentovan\u00e1 technol\u00f3gia NANO vl\u00e1kien. Materi\u00e1lov\u00e1 bakteri\u00e1lna filtra\u010dn\u00e1 \u00fa\u010dinnos\u0165 (BFE) \u2265 99,9 %. Vir\u00e1lna filtra\u010dn\u00e1 \u00fa\u010dinnos\u0165 (VFE) \u2265 99,9 %, \u00fa\u010dinne filtruje \u010dastice ve\u013ekosti v\u00edrusu Chr\u00e1ni proti \u0161\u00edreniu v\u00edrusovej a bakteri\u00e1lnej infekcie filtra\u010dnou funkciou materi\u00e1lu.Vyroben\u00e9 v \u010ceskej republike.<br \/>\nOdpor\u00fa\u010dan\u00e1 doba pou\u017e\u00edvania je max. 12.hod.<br \/>\nV\u00fdrobok je ur\u010den\u00fd na jednorazov\u00e9 pou\u017eitie. Pri opakovanom pou\u017eit\u00ed hroz\u00ed riziko kontamin\u00e1cie a m\u00f4\u017ee d\u00f4js\u0165 k zhor\u0161eniu \u00fa\u010dinnosti.<br \/>\n50 kusov v balen\u00ed&#8220;<\/p>\n","protected":false},"featured_media":352886,"template":"","meta":{"_acf_changed":false,"inline_featured_image":false},"product_brand":[],"product_cat":[2146,2172,2128],"product_tag":[1471],"class_list":{"0":"post-352884","1":"product","2":"type-product","3":"status-publish","4":"has-post-thumbnail","6":"product_cat-ochrana-dychacich-ciest","7":"product_cat-tvarova-maska","8":"product_cat-ochranne-pomocky","9":"product_tag-hygotrendy","10":"pa_farba-biela","12":"first","13":"instock","14":"taxable","15":"shipping-taxable","16":"product-type-variable"},"acf":[],"_links":{"self":[{"href":"https:\/\/gajos.sk\/eshop\/wp-json\/wp\/v2\/product\/352884","targetHints":{"allow":["GET"]}}],"collection":[{"href":"https:\/\/gajos.sk\/eshop\/wp-json\/wp\/v2\/product"}],"about":[{"href":"https:\/\/gajos.sk\/eshop\/wp-json\/wp\/v2\/types\/product"}],"wp:featuredmedia":[{"embeddable":true,"href":"https:\/\/gajos.sk\/eshop\/wp-json\/wp\/v2\/media\/352886"}],"wp:attachment":[{"href":"https:\/\/gajos.sk\/eshop\/wp-json\/wp\/v2\/media?parent=352884"}],"wp:term":[{"taxonomy":"product_brand","embeddable":true,"href":"https:\/\/gajos.sk\/eshop\/wp-json\/wp\/v2\/product_brand?post=352884"},{"taxonomy":"product_cat","embeddable":true,"href":"https:\/\/gajos.sk\/eshop\/wp-json\/wp\/v2\/product_cat?post=352884"},{"taxonomy":"product_tag","embeddable":true,"href":"https:\/\/gajos.sk\/eshop\/wp-json\/wp\/v2\/product_tag?post=352884"}],"curies":[{"name":"wp","href":"https:\/\/api.w.org\/{rel}","templated":true}]}}