{"id":352876,"date":"2024-03-01T23:33:38","date_gmt":"2024-03-01T22:33:38","guid":{"rendered":"https:\/\/gajostest.a2hosted.com\/eshop\/hygotrendy-virazon-50ks-ruska-3vrstva\/"},"modified":"2026-04-15T22:02:54","modified_gmt":"2026-04-15T20:02:54","slug":"hygotrendy-virazon-50ks-ruska-3vrstva","status":"publish","type":"product","link":"https:\/\/gajos.sk\/eshop\/p\/hygotrendy-virazon-50ks-ruska-3vrstva\/","title":{"rendered":"HYGOTRENDY VIRAZON 50ks r\u00fa\u0161ka 3vrstv\u00e1"},"content":{"rendered":"","protected":false},"excerpt":{"rendered":"<p>trojvrstvov\u00e9 jednorazov\u00e9 r\u00fa\u0161ko s gumi\u010dkami.<\/p>\n","protected":false},"featured_media":352878,"template":"","meta":{"_acf_changed":false,"inline_featured_image":false},"product_brand":[],"product_cat":[2146,2172,2128],"product_tag":[1471],"class_list":{"0":"post-352876","1":"product","2":"type-product","3":"status-publish","4":"has-post-thumbnail","6":"product_cat-ochrana-dychacich-ciest","7":"product_cat-tvarova-maska","8":"product_cat-ochranne-pomocky","9":"product_tag-hygotrendy","10":"pa_farba-modra","11":"pa_farba-cierna","13":"first","14":"instock","15":"taxable","16":"shipping-taxable","17":"product-type-variable"},"acf":[],"_links":{"self":[{"href":"https:\/\/gajos.sk\/eshop\/wp-json\/wp\/v2\/product\/352876","targetHints":{"allow":["GET"]}}],"collection":[{"href":"https:\/\/gajos.sk\/eshop\/wp-json\/wp\/v2\/product"}],"about":[{"href":"https:\/\/gajos.sk\/eshop\/wp-json\/wp\/v2\/types\/product"}],"wp:featuredmedia":[{"embeddable":true,"href":"https:\/\/gajos.sk\/eshop\/wp-json\/wp\/v2\/media\/352878"}],"wp:attachment":[{"href":"https:\/\/gajos.sk\/eshop\/wp-json\/wp\/v2\/media?parent=352876"}],"wp:term":[{"taxonomy":"product_brand","embeddable":true,"href":"https:\/\/gajos.sk\/eshop\/wp-json\/wp\/v2\/product_brand?post=352876"},{"taxonomy":"product_cat","embeddable":true,"href":"https:\/\/gajos.sk\/eshop\/wp-json\/wp\/v2\/product_cat?post=352876"},{"taxonomy":"product_tag","embeddable":true,"href":"https:\/\/gajos.sk\/eshop\/wp-json\/wp\/v2\/product_tag?post=352876"}],"curies":[{"name":"wp","href":"https:\/\/api.w.org\/{rel}","templated":true}]}}