{"id":352873,"date":"2024-03-01T23:33:38","date_gmt":"2024-03-01T22:33:38","guid":{"rendered":"https:\/\/gajostest.a2hosted.com\/eshop\/hygotrendy-virazon-pro-50ks-ruska-3vrstv\/"},"modified":"2026-04-11T17:51:46","modified_gmt":"2026-04-11T15:51:46","slug":"hygotrendy-virazon-pro-50ks-ruska-3vrstv","status":"publish","type":"product","link":"https:\/\/gajos.sk\/eshop\/p\/hygotrendy-virazon-pro-50ks-ruska-3vrstv\/","title":{"rendered":"HYGOTRENDY VIRAZON PRO 50ks r\u00fa\u0161ka 3vrstv"},"content":{"rendered":"","protected":false},"excerpt":{"rendered":"<p>Trojvrstvov\u00e9 jednorazov\u00e9 zdravotn\u00edcke r\u00fa\u0161ka typu IIR sp\u013a\u0148aj\u00face po\u017eiadavky normy EN 14683:2019+AC:2019. R\u00fa\u0161ka s elastick\u00fdmi gumi\u010dkami na upevnenie za u\u0161i a nosn\u00fdm tesniacim p\u00e1sikom kop\u00edruj\u00facim tvar nosa.<br \/>\nVysok\u00e1 filtra\u010dn\u00e1 schopnos\u0165 aj proti prachov\u00fdm \u010dasticiam, bakt\u00e9ri\u00e1m a v\u00edrusom. Vysok\u00e1 priedu\u0161nos\u0165, vodeodoln\u00e1, hypoalerg\u00e9nna.<br \/>\nVyroben\u00e9 v \u010ceskej republike.<br \/>\nD\u013a\u017eka: 175mm \u00b1 5 %<br \/>\n\u0160\u00edrka: 90mm \u00b1 5 %<br \/>\nV\u00e1ha: 2,5 g \u00b1 5 %<br \/>\nBalenie obsahuje 50 kusov.<\/p>\n","protected":false},"featured_media":352875,"template":"","meta":{"_acf_changed":false,"inline_featured_image":false},"product_brand":[],"product_cat":[2146,2172,2128],"product_tag":[1471],"class_list":{"0":"post-352873","1":"product","2":"type-product","3":"status-publish","4":"has-post-thumbnail","6":"product_cat-ochrana-dychacich-ciest","7":"product_cat-tvarova-maska","8":"product_cat-ochranne-pomocky","9":"product_tag-hygotrendy","10":"pa_farba-modra","12":"first","13":"instock","14":"taxable","15":"shipping-taxable","16":"product-type-variable"},"acf":[],"_links":{"self":[{"href":"https:\/\/gajos.sk\/eshop\/wp-json\/wp\/v2\/product\/352873","targetHints":{"allow":["GET"]}}],"collection":[{"href":"https:\/\/gajos.sk\/eshop\/wp-json\/wp\/v2\/product"}],"about":[{"href":"https:\/\/gajos.sk\/eshop\/wp-json\/wp\/v2\/types\/product"}],"wp:featuredmedia":[{"embeddable":true,"href":"https:\/\/gajos.sk\/eshop\/wp-json\/wp\/v2\/media\/352875"}],"wp:attachment":[{"href":"https:\/\/gajos.sk\/eshop\/wp-json\/wp\/v2\/media?parent=352873"}],"wp:term":[{"taxonomy":"product_brand","embeddable":true,"href":"https:\/\/gajos.sk\/eshop\/wp-json\/wp\/v2\/product_brand?post=352873"},{"taxonomy":"product_cat","embeddable":true,"href":"https:\/\/gajos.sk\/eshop\/wp-json\/wp\/v2\/product_cat?post=352873"},{"taxonomy":"product_tag","embeddable":true,"href":"https:\/\/gajos.sk\/eshop\/wp-json\/wp\/v2\/product_tag?post=352873"}],"curies":[{"name":"wp","href":"https:\/\/api.w.org\/{rel}","templated":true}]}}