{"id":352870,"date":"2024-03-01T23:33:31","date_gmt":"2024-03-01T22:33:31","guid":{"rendered":"https:\/\/gajostest.a2hosted.com\/eshop\/neurum-camou-rusko\/"},"modified":"2026-04-15T22:02:54","modified_gmt":"2026-04-15T20:02:54","slug":"neurum-camou-rusko","status":"publish","type":"product","link":"https:\/\/gajos.sk\/eshop\/p\/neurum-camou-rusko\/","title":{"rendered":"NEURUM CAMOU r\u00fa\u0161ko"},"content":{"rendered":"","protected":false},"excerpt":{"rendered":"<p>ochrann\u00e9 bavlnen\u00e9 r\u00fa\u0161ka; horn\u00fd lem prisp\u00f4sobite\u013en\u00fd tvaru kore\u0148a nosa; pru\u017en\u00e9 p\u00e1siky s nastavite\u013enou d\u013a\u017ekou pre pohodln\u00e9 uchytenie za u\u0161ami, mo\u017eno opakovane pra\u0165 na 60\u00b0C a \u017eehli\u0165 na 150\u00b0C.<\/p>\n","protected":false},"featured_media":352872,"template":"","meta":{"_acf_changed":false,"inline_featured_image":false},"product_brand":[],"product_cat":[2146,2172,2128],"product_tag":[1179],"class_list":{"0":"post-352870","1":"product","2":"type-product","3":"status-publish","4":"has-post-thumbnail","6":"product_cat-ochrana-dychacich-ciest","7":"product_cat-tvarova-maska","8":"product_cat-ochranne-pomocky","9":"product_tag-cerva","10":"pa_farba-petrolejova","12":"first","13":"instock","14":"taxable","15":"shipping-taxable","16":"purchasable","17":"product-type-variable"},"acf":[],"_links":{"self":[{"href":"https:\/\/gajos.sk\/eshop\/wp-json\/wp\/v2\/product\/352870","targetHints":{"allow":["GET"]}}],"collection":[{"href":"https:\/\/gajos.sk\/eshop\/wp-json\/wp\/v2\/product"}],"about":[{"href":"https:\/\/gajos.sk\/eshop\/wp-json\/wp\/v2\/types\/product"}],"wp:featuredmedia":[{"embeddable":true,"href":"https:\/\/gajos.sk\/eshop\/wp-json\/wp\/v2\/media\/352872"}],"wp:attachment":[{"href":"https:\/\/gajos.sk\/eshop\/wp-json\/wp\/v2\/media?parent=352870"}],"wp:term":[{"taxonomy":"product_brand","embeddable":true,"href":"https:\/\/gajos.sk\/eshop\/wp-json\/wp\/v2\/product_brand?post=352870"},{"taxonomy":"product_cat","embeddable":true,"href":"https:\/\/gajos.sk\/eshop\/wp-json\/wp\/v2\/product_cat?post=352870"},{"taxonomy":"product_tag","embeddable":true,"href":"https:\/\/gajos.sk\/eshop\/wp-json\/wp\/v2\/product_tag?post=352870"}],"curies":[{"name":"wp","href":"https:\/\/api.w.org\/{rel}","templated":true}]}}