{"id":352780,"date":"2024-03-01T23:31:35","date_gmt":"2024-03-01T22:31:35","guid":{"rendered":"https:\/\/gajostest.a2hosted.com\/eshop\/jsp-powercap-active-ip-powered\/"},"modified":"2026-04-20T00:56:42","modified_gmt":"2026-04-19T22:56:42","slug":"jsp-powercap-active-ip-powered","status":"publish","type":"product","link":"https:\/\/gajos.sk\/eshop\/p\/jsp-powercap-active-ip-powered\/","title":{"rendered":"JSP Powercap Active IP Powered"},"content":{"rendered":"","protected":false},"excerpt":{"rendered":"<p>PowerCap\u00ae Active \u2122 je modern\u00e1 filtra\u010dno-ventila\u010dn\u00e1 jednotka s ochranou o\u010d\u00ed a tv\u00e1re pod\u013ea EN166 a ochranou hlavy pod\u013ea EN812. PowerCap\u00ae Active \u2122 je \u013eahk\u00fd, pevn\u00fd a ergonomicky navrhnut\u00fd tak, aby chr\u00e1nil pou\u017e\u00edvate\u013ea pred prachov\u00fdmi \u010dasticami a l\u00e1tkami zne\u010dis\u0165uj\u00facimi ovzdu\u0161ie pod\u013ea EN12941 TH1P.<\/p>\n<p>Ochrana d\u00fdchac\u00edch ciest<br \/>\nOchrana pod\u013ea EN12941 TH1P zais\u0165uje chladiaci \u00fa\u010dinok, pohodln\u00fd pr\u00edvod filtrovan\u00e9ho vzduchu 160 litrov za min\u00fatu, eliminuje d\u00fdchac\u00ed odpor a zahmlievanie priezoru. Prostriedky na ochranu hlavy<br \/>\nJednotka je vybaven\u00e1 chr\u00e1ni\u010dom hlavy JSP HardCap A1+\u2122, ktor\u00fd sp\u013a\u0148a a prekra\u010duje po\u017eiadavky normy EN812. Kryt ochrann\u00e9ho &#8222;vie\u010dka&#8220; je odn\u00edmate\u013en\u00fd a um\u00fdvate\u013en\u00fd<\/p>\n<p>Ochrana o\u010d\u00ed a tv\u00e1re<br \/>\nIP verzia pon\u00faka ochranu o\u010d\u00ed a tv\u00e1re pod\u013ea EN166 1B,<br \/>\nIde\u00e1lne pre pr\u00e1cu v prostred\u00ed, kde hroz\u00ed riziko lietaj\u00facich \u010dast\u00edc.<br \/>\nK dispoz\u00edcii s\u00fa odlupovacie f\u00f3lie.                                                                                                                                                                           Dob\u00edjanie<br \/>\nNab\u00edjate\u013en\u00e1 bat\u00e9ria m\u00e1 v\u00fddr\u017e bat\u00e9rie 8 hod\u00edn, d\u00e1 sa nap\u00e1ja\u0165 ako celok &#8211; cel\u00e1 jednotka sa d\u00e1 pohodlne usadi\u0165 do nab\u00edjacej stanice, ide\u00e1lna na no\u010dn\u00e9 nab\u00edjanie.<\/p>\n<p>N\u00e1hradn\u00e9 diely<br \/>\n1) Sada predfiltrov<br \/>\n2) Filtre Powercap (\u010dierne)<br \/>\n3) S\u00faprava na predfiltrovanie Powercap<br \/>\n4) Peeloff Powercap<br \/>\n5) IP n\u00e1hradn\u00fd priezor Powercap<\/p>\n","protected":false},"featured_media":352782,"template":"","meta":{"_acf_changed":false,"inline_featured_image":false},"product_brand":[],"product_cat":[2545,2146,2544,2128],"product_tag":[1209],"class_list":{"0":"post-352780","1":"product","2":"type-product","3":"status-publish","4":"has-post-thumbnail","6":"product_cat-aktivne-dychacie-pristroje","7":"product_cat-ochrana-dychacich-ciest","8":"product_cat-respiratory-s-filtro-ventilacnou-jednotkou","9":"product_cat-ochranne-pomocky","10":"product_tag-jsp","11":"pa_velkost-uni","13":"first","14":"instock","15":"taxable","16":"shipping-taxable","17":"purchasable","18":"product-type-variable"},"acf":[],"_links":{"self":[{"href":"https:\/\/gajos.sk\/eshop\/wp-json\/wp\/v2\/product\/352780","targetHints":{"allow":["GET"]}}],"collection":[{"href":"https:\/\/gajos.sk\/eshop\/wp-json\/wp\/v2\/product"}],"about":[{"href":"https:\/\/gajos.sk\/eshop\/wp-json\/wp\/v2\/types\/product"}],"wp:featuredmedia":[{"embeddable":true,"href":"https:\/\/gajos.sk\/eshop\/wp-json\/wp\/v2\/media\/352782"}],"wp:attachment":[{"href":"https:\/\/gajos.sk\/eshop\/wp-json\/wp\/v2\/media?parent=352780"}],"wp:term":[{"taxonomy":"product_brand","embeddable":true,"href":"https:\/\/gajos.sk\/eshop\/wp-json\/wp\/v2\/product_brand?post=352780"},{"taxonomy":"product_cat","embeddable":true,"href":"https:\/\/gajos.sk\/eshop\/wp-json\/wp\/v2\/product_cat?post=352780"},{"taxonomy":"product_tag","embeddable":true,"href":"https:\/\/gajos.sk\/eshop\/wp-json\/wp\/v2\/product_tag?post=352780"}],"curies":[{"name":"wp","href":"https:\/\/api.w.org\/{rel}","templated":true}]}}