{"id":352759,"date":"2024-03-01T23:31:25","date_gmt":"2024-03-01T22:31:25","guid":{"rendered":"https:\/\/gajostest.a2hosted.com\/eshop\/sr-552-postroj-pro-sr-500\/"},"modified":"2026-04-15T22:02:53","modified_gmt":"2026-04-15T20:02:53","slug":"sr-552-postroj-pro-sr-500","status":"publish","type":"product","link":"https:\/\/gajos.sk\/eshop\/p\/sr-552-postroj-pro-sr-500\/","title":{"rendered":"SR 552 Postroj pro SR 500"},"content":{"rendered":"","protected":false},"excerpt":{"rendered":"<p>Postroj ur\u010den\u00fd pre filtroventila\u010dn\u00e9 jednotky SR 500 a SR 700.<\/p>\n","protected":false},"featured_media":352761,"template":"","meta":{"_acf_changed":false,"inline_featured_image":false},"product_brand":[],"product_cat":[2146,2538,2128],"product_tag":[2525],"class_list":{"0":"post-352759","1":"product","2":"type-product","3":"status-publish","4":"has-post-thumbnail","6":"product_cat-ochrana-dychacich-ciest","7":"product_cat-prislusenstvo-ochrana-dychacich-ciest","8":"product_cat-ochranne-pomocky","9":"product_tag-sundstrom","10":"pa_velkost-uni","12":"first","13":"instock","14":"taxable","15":"shipping-taxable","16":"purchasable","17":"product-type-variable"},"acf":[],"_links":{"self":[{"href":"https:\/\/gajos.sk\/eshop\/wp-json\/wp\/v2\/product\/352759","targetHints":{"allow":["GET"]}}],"collection":[{"href":"https:\/\/gajos.sk\/eshop\/wp-json\/wp\/v2\/product"}],"about":[{"href":"https:\/\/gajos.sk\/eshop\/wp-json\/wp\/v2\/types\/product"}],"wp:featuredmedia":[{"embeddable":true,"href":"https:\/\/gajos.sk\/eshop\/wp-json\/wp\/v2\/media\/352761"}],"wp:attachment":[{"href":"https:\/\/gajos.sk\/eshop\/wp-json\/wp\/v2\/media?parent=352759"}],"wp:term":[{"taxonomy":"product_brand","embeddable":true,"href":"https:\/\/gajos.sk\/eshop\/wp-json\/wp\/v2\/product_brand?post=352759"},{"taxonomy":"product_cat","embeddable":true,"href":"https:\/\/gajos.sk\/eshop\/wp-json\/wp\/v2\/product_cat?post=352759"},{"taxonomy":"product_tag","embeddable":true,"href":"https:\/\/gajos.sk\/eshop\/wp-json\/wp\/v2\/product_tag?post=352759"}],"curies":[{"name":"wp","href":"https:\/\/api.w.org\/{rel}","templated":true}]}}