{"id":352648,"date":"2024-03-01T23:29:12","date_gmt":"2024-03-01T22:29:12","guid":{"rendered":"https:\/\/gajostest.a2hosted.com\/eshop\/jsp-powercap-nahradni-ip-zornik\/"},"modified":"2026-04-15T22:02:52","modified_gmt":"2026-04-15T20:02:52","slug":"jsp-powercap-nahradni-ip-zornik","status":"publish","type":"product","link":"https:\/\/gajos.sk\/eshop\/p\/jsp-powercap-nahradni-ip-zornik\/","title":{"rendered":"JSP Powercap n\u00e1hradn\u00ed IP zorn\u00edk"},"content":{"rendered":"","protected":false},"excerpt":{"rendered":"<p>V\u00fdmenn\u00fd zorn\u00edk na ochranu dychu JSP PowerCap\u00ae (vhodn\u00fd pre IP verziu).<\/p>\n","protected":false},"featured_media":352650,"template":"","meta":{"_acf_changed":false,"inline_featured_image":false},"product_brand":[],"product_cat":[2146,2538,2128],"product_tag":[1209],"class_list":{"0":"post-352648","1":"product","2":"type-product","3":"status-publish","4":"has-post-thumbnail","6":"product_cat-ochrana-dychacich-ciest","7":"product_cat-prislusenstvo-ochrana-dychacich-ciest","8":"product_cat-ochranne-pomocky","9":"product_tag-jsp","10":"pa_velkost-uni","12":"first","13":"instock","14":"taxable","15":"shipping-taxable","16":"purchasable","17":"product-type-variable"},"acf":[],"_links":{"self":[{"href":"https:\/\/gajos.sk\/eshop\/wp-json\/wp\/v2\/product\/352648","targetHints":{"allow":["GET"]}}],"collection":[{"href":"https:\/\/gajos.sk\/eshop\/wp-json\/wp\/v2\/product"}],"about":[{"href":"https:\/\/gajos.sk\/eshop\/wp-json\/wp\/v2\/types\/product"}],"wp:featuredmedia":[{"embeddable":true,"href":"https:\/\/gajos.sk\/eshop\/wp-json\/wp\/v2\/media\/352650"}],"wp:attachment":[{"href":"https:\/\/gajos.sk\/eshop\/wp-json\/wp\/v2\/media?parent=352648"}],"wp:term":[{"taxonomy":"product_brand","embeddable":true,"href":"https:\/\/gajos.sk\/eshop\/wp-json\/wp\/v2\/product_brand?post=352648"},{"taxonomy":"product_cat","embeddable":true,"href":"https:\/\/gajos.sk\/eshop\/wp-json\/wp\/v2\/product_cat?post=352648"},{"taxonomy":"product_tag","embeddable":true,"href":"https:\/\/gajos.sk\/eshop\/wp-json\/wp\/v2\/product_tag?post=352648"}],"curies":[{"name":"wp","href":"https:\/\/api.w.org\/{rel}","templated":true}]}}