{"id":352645,"date":"2024-03-01T23:29:12","date_gmt":"2024-03-01T22:29:12","guid":{"rendered":"https:\/\/gajostest.a2hosted.com\/eshop\/sr-500-sr-570\/"},"modified":"2026-04-15T22:02:52","modified_gmt":"2026-04-15T20:02:52","slug":"sr-500-sr-570","status":"publish","type":"product","link":"https:\/\/gajos.sk\/eshop\/p\/sr-500-sr-570\/","title":{"rendered":"SR 500\/SR 570"},"content":{"rendered":"","protected":false},"excerpt":{"rendered":"<p>Set filtroventila\u010dnej jednotky SR 500 a tv\u00e1rov\u00e9ho \u0161t\u00edtu SR 570 obsahuje:<br \/>\nSR 500, SR 570, 1 ks ochrann\u00e9ho filtra, STD bat\u00e9riu, nab\u00edja\u010dku bat\u00e9rie SR 513, opasok SR 508, 2 kusy \u010dasticov\u00e9ho filtra SR 510 P3 R, 2 dr\u017eiaky predfiltra, 10 kusov predfiltra SR 221, 2 dr\u017eiaky predfiltra, mera\u010d prietoku, spojovaciu sadu, \u010distiaci obr\u00fasok a n\u00e1vod.<\/p>\n","protected":false},"featured_media":352647,"template":"","meta":{"_acf_changed":false,"inline_featured_image":false},"product_brand":[],"product_cat":[2146,2545,2544,2128],"product_tag":[2525],"class_list":{"0":"post-352645","1":"product","2":"type-product","3":"status-publish","4":"has-post-thumbnail","6":"product_cat-ochrana-dychacich-ciest","7":"product_cat-aktivne-dychacie-pristroje","8":"product_cat-respiratory-s-filtro-ventilacnou-jednotkou","9":"product_cat-ochranne-pomocky","10":"product_tag-sundstrom","11":"pa_velkost-uni","13":"first","14":"instock","15":"taxable","16":"shipping-taxable","17":"purchasable","18":"product-type-variable"},"acf":[],"_links":{"self":[{"href":"https:\/\/gajos.sk\/eshop\/wp-json\/wp\/v2\/product\/352645","targetHints":{"allow":["GET"]}}],"collection":[{"href":"https:\/\/gajos.sk\/eshop\/wp-json\/wp\/v2\/product"}],"about":[{"href":"https:\/\/gajos.sk\/eshop\/wp-json\/wp\/v2\/types\/product"}],"wp:featuredmedia":[{"embeddable":true,"href":"https:\/\/gajos.sk\/eshop\/wp-json\/wp\/v2\/media\/352647"}],"wp:attachment":[{"href":"https:\/\/gajos.sk\/eshop\/wp-json\/wp\/v2\/media?parent=352645"}],"wp:term":[{"taxonomy":"product_brand","embeddable":true,"href":"https:\/\/gajos.sk\/eshop\/wp-json\/wp\/v2\/product_brand?post=352645"},{"taxonomy":"product_cat","embeddable":true,"href":"https:\/\/gajos.sk\/eshop\/wp-json\/wp\/v2\/product_cat?post=352645"},{"taxonomy":"product_tag","embeddable":true,"href":"https:\/\/gajos.sk\/eshop\/wp-json\/wp\/v2\/product_tag?post=352645"}],"curies":[{"name":"wp","href":"https:\/\/api.w.org\/{rel}","templated":true}]}}