{"id":352621,"date":"2024-03-01T23:28:00","date_gmt":"2024-03-01T22:28:00","guid":{"rendered":"https:\/\/gajostest.a2hosted.com\/eshop\/sr-570-strhavaci-folie-pk-10\/"},"modified":"2026-04-15T22:02:52","modified_gmt":"2026-04-15T20:02:52","slug":"sr-570-strhavaci-folie-pk-10","status":"publish","type":"product","link":"https:\/\/gajos.sk\/eshop\/p\/sr-570-strhavaci-folie-pk-10\/","title":{"rendered":"SR 570 STRH\u00c1VAC\u00cd F\u00d3LIE PK 10"},"content":{"rendered":"","protected":false},"excerpt":{"rendered":"<p>Peel-off for SR 570, 10pcs<\/p>\n","protected":false},"featured_media":352623,"template":"","meta":{"_acf_changed":false,"inline_featured_image":false},"product_brand":[],"product_cat":[2146,2538,2128],"product_tag":[2525],"class_list":{"0":"post-352621","1":"product","2":"type-product","3":"status-publish","4":"has-post-thumbnail","6":"product_cat-ochrana-dychacich-ciest","7":"product_cat-prislusenstvo-ochrana-dychacich-ciest","8":"product_cat-ochranne-pomocky","9":"product_tag-sundstrom","10":"pa_velkost-uni","12":"first","13":"instock","14":"taxable","15":"shipping-taxable","16":"purchasable","17":"product-type-variable"},"acf":[],"_links":{"self":[{"href":"https:\/\/gajos.sk\/eshop\/wp-json\/wp\/v2\/product\/352621","targetHints":{"allow":["GET"]}}],"collection":[{"href":"https:\/\/gajos.sk\/eshop\/wp-json\/wp\/v2\/product"}],"about":[{"href":"https:\/\/gajos.sk\/eshop\/wp-json\/wp\/v2\/types\/product"}],"wp:featuredmedia":[{"embeddable":true,"href":"https:\/\/gajos.sk\/eshop\/wp-json\/wp\/v2\/media\/352623"}],"wp:attachment":[{"href":"https:\/\/gajos.sk\/eshop\/wp-json\/wp\/v2\/media?parent=352621"}],"wp:term":[{"taxonomy":"product_brand","embeddable":true,"href":"https:\/\/gajos.sk\/eshop\/wp-json\/wp\/v2\/product_brand?post=352621"},{"taxonomy":"product_cat","embeddable":true,"href":"https:\/\/gajos.sk\/eshop\/wp-json\/wp\/v2\/product_cat?post=352621"},{"taxonomy":"product_tag","embeddable":true,"href":"https:\/\/gajos.sk\/eshop\/wp-json\/wp\/v2\/product_tag?post=352621"}],"curies":[{"name":"wp","href":"https:\/\/api.w.org\/{rel}","templated":true}]}}