{"id":352473,"date":"2024-03-01T23:25:32","date_gmt":"2024-03-01T22:25:32","guid":{"rendered":"https:\/\/gajostest.a2hosted.com\/eshop\/paf-0060-cleanspace-ex-jednotka-p3-filtr\/"},"modified":"2026-04-15T22:02:52","modified_gmt":"2026-04-15T20:02:52","slug":"paf-0060-cleanspace-ex-jednotka-p3-filtr","status":"publish","type":"product","link":"https:\/\/gajos.sk\/eshop\/p\/paf-0060-cleanspace-ex-jednotka-p3-filtr\/","title":{"rendered":"PAF-0060 CleanSpace EX jednotka P3 filtr"},"content":{"rendered":"","protected":false},"excerpt":{"rendered":"<p>Iskrovo bezpe\u010dn\u00e1 filtra\u010dno-ventila\u010dn\u00e1 jednotka, certifikovan\u00e1 na pou\u017eitie v prostred\u00ed s nebezpe\u010denstvom v\u00fdbuchu. Podzemn\u00e1 \u0165a\u017eba uhlia; ropa a zemn\u00fd plyn; petrochemick\u00fd priemysel; manipul\u00e1cia s chemik\u00e1liami<\/p>\n","protected":false},"featured_media":352475,"template":"","meta":{"_acf_changed":false,"inline_featured_image":false},"product_brand":[],"product_cat":[2146,2545,2544,2128],"product_tag":[1423],"class_list":{"0":"post-352473","1":"product","2":"type-product","3":"status-publish","4":"has-post-thumbnail","6":"product_cat-ochrana-dychacich-ciest","7":"product_cat-aktivne-dychacie-pristroje","8":"product_cat-respiratory-s-filtro-ventilacnou-jednotkou","9":"product_cat-ochranne-pomocky","10":"product_tag-cleanspace","11":"pa_velkost-uni","13":"first","14":"instock","15":"taxable","16":"shipping-taxable","17":"product-type-variable"},"acf":[],"_links":{"self":[{"href":"https:\/\/gajos.sk\/eshop\/wp-json\/wp\/v2\/product\/352473","targetHints":{"allow":["GET"]}}],"collection":[{"href":"https:\/\/gajos.sk\/eshop\/wp-json\/wp\/v2\/product"}],"about":[{"href":"https:\/\/gajos.sk\/eshop\/wp-json\/wp\/v2\/types\/product"}],"wp:featuredmedia":[{"embeddable":true,"href":"https:\/\/gajos.sk\/eshop\/wp-json\/wp\/v2\/media\/352475"}],"wp:attachment":[{"href":"https:\/\/gajos.sk\/eshop\/wp-json\/wp\/v2\/media?parent=352473"}],"wp:term":[{"taxonomy":"product_brand","embeddable":true,"href":"https:\/\/gajos.sk\/eshop\/wp-json\/wp\/v2\/product_brand?post=352473"},{"taxonomy":"product_cat","embeddable":true,"href":"https:\/\/gajos.sk\/eshop\/wp-json\/wp\/v2\/product_cat?post=352473"},{"taxonomy":"product_tag","embeddable":true,"href":"https:\/\/gajos.sk\/eshop\/wp-json\/wp\/v2\/product_tag?post=352473"}],"curies":[{"name":"wp","href":"https:\/\/api.w.org\/{rel}","templated":true}]}}