{"id":352470,"date":"2024-03-01T23:25:32","date_gmt":"2024-03-01T22:25:32","guid":{"rendered":"https:\/\/gajostest.a2hosted.com\/eshop\/3m-m-936-komfor-tesnenie-pre-m-100m-300\/"},"modified":"2026-04-22T22:02:59","modified_gmt":"2026-04-22T20:02:59","slug":"3m-m-936-komfor-tesnenie-pre-m-100m-300","status":"publish","type":"product","link":"https:\/\/gajos.sk\/eshop\/p\/3m-m-936-komfor-tesnenie-pre-m-100m-300\/","title":{"rendered":"3M M-936 komfor.tesnenie pre M-100,M-300"},"content":{"rendered":"","protected":false},"excerpt":{"rendered":"<p>3M Versaflo Face Seal, Comfort, M-936 je \u010dierna tesnenie tv\u00e1re ur\u010den\u00e9 na pou\u017eitie s v\u00fdrobkami 3M Versaflo\u2122\u2122 s\u00e9rie M-100, M-200 a M-300\u2122\u2122.<\/p>\n","protected":false},"featured_media":352472,"template":"","meta":{"_acf_changed":false,"inline_featured_image":false},"product_brand":[],"product_cat":[2146,2538,2128],"product_tag":[1275],"class_list":{"0":"post-352470","1":"product","2":"type-product","3":"status-publish","4":"has-post-thumbnail","6":"product_cat-ochrana-dychacich-ciest","7":"product_cat-prislusenstvo-ochrana-dychacich-ciest","8":"product_cat-ochranne-pomocky","9":"product_tag-3m","10":"pa_velkost-uni","12":"first","13":"instock","14":"taxable","15":"shipping-taxable","16":"purchasable","17":"product-type-variable"},"acf":[],"_links":{"self":[{"href":"https:\/\/gajos.sk\/eshop\/wp-json\/wp\/v2\/product\/352470","targetHints":{"allow":["GET"]}}],"collection":[{"href":"https:\/\/gajos.sk\/eshop\/wp-json\/wp\/v2\/product"}],"about":[{"href":"https:\/\/gajos.sk\/eshop\/wp-json\/wp\/v2\/types\/product"}],"wp:featuredmedia":[{"embeddable":true,"href":"https:\/\/gajos.sk\/eshop\/wp-json\/wp\/v2\/media\/352472"}],"wp:attachment":[{"href":"https:\/\/gajos.sk\/eshop\/wp-json\/wp\/v2\/media?parent=352470"}],"wp:term":[{"taxonomy":"product_brand","embeddable":true,"href":"https:\/\/gajos.sk\/eshop\/wp-json\/wp\/v2\/product_brand?post=352470"},{"taxonomy":"product_cat","embeddable":true,"href":"https:\/\/gajos.sk\/eshop\/wp-json\/wp\/v2\/product_cat?post=352470"},{"taxonomy":"product_tag","embeddable":true,"href":"https:\/\/gajos.sk\/eshop\/wp-json\/wp\/v2\/product_tag?post=352470"}],"curies":[{"name":"wp","href":"https:\/\/api.w.org\/{rel}","templated":true}]}}