{"id":352453,"date":"2024-03-01T23:25:14","date_gmt":"2024-03-01T22:25:14","guid":{"rendered":"https:\/\/gajostest.a2hosted.com\/eshop\/3m-m-921-tesnenie-zorniku\/"},"modified":"2026-04-19T07:14:51","modified_gmt":"2026-04-19T05:14:51","slug":"3m-m-921-tesnenie-zorniku","status":"publish","type":"product","link":"https:\/\/gajos.sk\/eshop\/p\/3m-m-921-tesnenie-zorniku\/","title":{"rendered":"3M M-921 tesnenie zorn\u00edku"},"content":{"rendered":"","protected":false},"excerpt":{"rendered":"<p>3M\u2122 Versaflo\u2122 T\u011bsn\u011bn\u00ed zorn\u00edku, M-921, je n\u00e1hradn\u00ed d\u00edl ur\u010den\u00fd pro pou\u017eit\u00ed s 3M\u2122 Versaflo\u2122 N\u00e1hlavn\u00edmi d\u00edly \u0159ady M. Tento n\u00e1hradn\u00ed d\u00edl slou\u017e\u00ed k v\u00fdm\u011bn\u011b opot\u0159ebovan\u00fdch nebo po\u0161kozen\u00fdch t\u011bsn\u011bn\u00ed zorn\u00edku.<\/p>\n<p>Toto n\u00e1hradn\u00ed 3M\u2122 Versaflo\u2122 T\u011bsn\u011bn\u00ed zorn\u00edku, M-921, v\u00e1m zajist\u00ed spr\u00e1vnou funk\u010dnost zorn\u00edku. T\u011bsn\u011bn\u00ed zorn\u00edku je ur\u010deno pro pou\u017eit\u00ed jako n\u00e1hradn\u00ed d\u00edl k v\u00fdm\u011bn\u011b opot\u0159ebovan\u00e9ho nebo po\u0161kozen\u00e9ho d\u00edlu u 3M\u2122 Versaflo\u2122 N\u00e1hlavn\u00edch d\u00edl\u016f \u0159ady M.<\/p>\n","protected":false},"featured_media":352455,"template":"","meta":{"_acf_changed":false,"inline_featured_image":false},"product_brand":[],"product_cat":[2146,2538,2128],"product_tag":[1275],"class_list":{"0":"post-352453","1":"product","2":"type-product","3":"status-publish","4":"has-post-thumbnail","6":"product_cat-ochrana-dychacich-ciest","7":"product_cat-prislusenstvo-ochrana-dychacich-ciest","8":"product_cat-ochranne-pomocky","9":"product_tag-3m","10":"pa_velkost-uni","12":"first","13":"instock","14":"taxable","15":"shipping-taxable","16":"purchasable","17":"product-type-variable"},"acf":[],"_links":{"self":[{"href":"https:\/\/gajos.sk\/eshop\/wp-json\/wp\/v2\/product\/352453","targetHints":{"allow":["GET"]}}],"collection":[{"href":"https:\/\/gajos.sk\/eshop\/wp-json\/wp\/v2\/product"}],"about":[{"href":"https:\/\/gajos.sk\/eshop\/wp-json\/wp\/v2\/types\/product"}],"wp:featuredmedia":[{"embeddable":true,"href":"https:\/\/gajos.sk\/eshop\/wp-json\/wp\/v2\/media\/352455"}],"wp:attachment":[{"href":"https:\/\/gajos.sk\/eshop\/wp-json\/wp\/v2\/media?parent=352453"}],"wp:term":[{"taxonomy":"product_brand","embeddable":true,"href":"https:\/\/gajos.sk\/eshop\/wp-json\/wp\/v2\/product_brand?post=352453"},{"taxonomy":"product_cat","embeddable":true,"href":"https:\/\/gajos.sk\/eshop\/wp-json\/wp\/v2\/product_cat?post=352453"},{"taxonomy":"product_tag","embeddable":true,"href":"https:\/\/gajos.sk\/eshop\/wp-json\/wp\/v2\/product_tag?post=352453"}],"curies":[{"name":"wp","href":"https:\/\/api.w.org\/{rel}","templated":true}]}}