{"id":352444,"date":"2024-03-01T23:25:14","date_gmt":"2024-03-01T22:25:14","guid":{"rendered":"https:\/\/gajostest.a2hosted.com\/eshop\/jsp-mkii-powercap-filter-th1p\/"},"modified":"2026-04-20T00:56:41","modified_gmt":"2026-04-19T22:56:41","slug":"jsp-mkii-powercap-filter-th1p","status":"publish","type":"product","link":"https:\/\/gajos.sk\/eshop\/p\/jsp-mkii-powercap-filter-th1p\/","title":{"rendered":"JSP MKII POWERCAP FILTER TH1P"},"content":{"rendered":"","protected":false},"excerpt":{"rendered":"<p>N\u00e1hradn\u00e9 filtre pom\u00e1haj\u00face ochrane dychu PowerCap udr\u017eiava\u0165 optim\u00e1lnu \u00farove\u0148 ochrany.<\/p>\n","protected":false},"featured_media":352446,"template":"","meta":{"_acf_changed":false,"inline_featured_image":false},"product_brand":[],"product_cat":[2146,2545,2544,2128],"product_tag":[1209],"class_list":{"0":"post-352444","1":"product","2":"type-product","3":"status-publish","4":"has-post-thumbnail","6":"product_cat-ochrana-dychacich-ciest","7":"product_cat-aktivne-dychacie-pristroje","8":"product_cat-respiratory-s-filtro-ventilacnou-jednotkou","9":"product_cat-ochranne-pomocky","10":"product_tag-jsp","11":"pa_velkost-uni","13":"first","14":"instock","15":"taxable","16":"shipping-taxable","17":"purchasable","18":"product-type-variable"},"acf":[],"_links":{"self":[{"href":"https:\/\/gajos.sk\/eshop\/wp-json\/wp\/v2\/product\/352444","targetHints":{"allow":["GET"]}}],"collection":[{"href":"https:\/\/gajos.sk\/eshop\/wp-json\/wp\/v2\/product"}],"about":[{"href":"https:\/\/gajos.sk\/eshop\/wp-json\/wp\/v2\/types\/product"}],"wp:featuredmedia":[{"embeddable":true,"href":"https:\/\/gajos.sk\/eshop\/wp-json\/wp\/v2\/media\/352446"}],"wp:attachment":[{"href":"https:\/\/gajos.sk\/eshop\/wp-json\/wp\/v2\/media?parent=352444"}],"wp:term":[{"taxonomy":"product_brand","embeddable":true,"href":"https:\/\/gajos.sk\/eshop\/wp-json\/wp\/v2\/product_brand?post=352444"},{"taxonomy":"product_cat","embeddable":true,"href":"https:\/\/gajos.sk\/eshop\/wp-json\/wp\/v2\/product_cat?post=352444"},{"taxonomy":"product_tag","embeddable":true,"href":"https:\/\/gajos.sk\/eshop\/wp-json\/wp\/v2\/product_tag?post=352444"}],"curies":[{"name":"wp","href":"https:\/\/api.w.org\/{rel}","templated":true}]}}