{"id":352432,"date":"2024-03-01T23:25:04","date_gmt":"2024-03-01T22:25:04","guid":{"rendered":"https:\/\/gajostest.a2hosted.com\/eshop\/jsp-powercap-peel-off-visor-bal-10ks\/"},"modified":"2026-04-15T22:02:51","modified_gmt":"2026-04-15T20:02:51","slug":"jsp-powercap-peel-off-visor-bal-10ks","status":"publish","type":"product","link":"https:\/\/gajos.sk\/eshop\/p\/jsp-powercap-peel-off-visor-bal-10ks\/","title":{"rendered":"JSP Powercap peel off visor bal 10ks"},"content":{"rendered":"","protected":false},"excerpt":{"rendered":"<p>10ks balen\u00ed n\u00e1hradn\u00edch odlepovac\u00edch kryt\u016f zorn\u00edku, kter\u00e9 udr\u017e\u00ed zorn\u00edk PowerCap\u00ae Active\u2122 IP \u010dist\u00fd a bez \u0161kr\u00e1banc\u016f.<\/p>\n","protected":false},"featured_media":352434,"template":"","meta":{"_acf_changed":false,"inline_featured_image":false},"product_brand":[],"product_cat":[2146,2538,2128],"product_tag":[1209],"class_list":{"0":"post-352432","1":"product","2":"type-product","3":"status-publish","4":"has-post-thumbnail","6":"product_cat-ochrana-dychacich-ciest","7":"product_cat-prislusenstvo-ochrana-dychacich-ciest","8":"product_cat-ochranne-pomocky","9":"product_tag-jsp","10":"pa_velkost-uni","12":"first","13":"instock","14":"taxable","15":"shipping-taxable","16":"purchasable","17":"product-type-variable"},"acf":[],"_links":{"self":[{"href":"https:\/\/gajos.sk\/eshop\/wp-json\/wp\/v2\/product\/352432","targetHints":{"allow":["GET"]}}],"collection":[{"href":"https:\/\/gajos.sk\/eshop\/wp-json\/wp\/v2\/product"}],"about":[{"href":"https:\/\/gajos.sk\/eshop\/wp-json\/wp\/v2\/types\/product"}],"wp:featuredmedia":[{"embeddable":true,"href":"https:\/\/gajos.sk\/eshop\/wp-json\/wp\/v2\/media\/352434"}],"wp:attachment":[{"href":"https:\/\/gajos.sk\/eshop\/wp-json\/wp\/v2\/media?parent=352432"}],"wp:term":[{"taxonomy":"product_brand","embeddable":true,"href":"https:\/\/gajos.sk\/eshop\/wp-json\/wp\/v2\/product_brand?post=352432"},{"taxonomy":"product_cat","embeddable":true,"href":"https:\/\/gajos.sk\/eshop\/wp-json\/wp\/v2\/product_cat?post=352432"},{"taxonomy":"product_tag","embeddable":true,"href":"https:\/\/gajos.sk\/eshop\/wp-json\/wp\/v2\/product_tag?post=352432"}],"curies":[{"name":"wp","href":"https:\/\/api.w.org\/{rel}","templated":true}]}}