{"id":352241,"date":"2024-03-01T23:21:16","date_gmt":"2024-03-01T22:21:16","guid":{"rendered":"https:\/\/gajostest.a2hosted.com\/eshop\/of-02-cbrn-a2b2e2k2sxp3-dr-filter-cm-6\/"},"modified":"2026-05-07T21:54:30","modified_gmt":"2026-05-07T19:54:30","slug":"of-02-cbrn-a2b2e2k2sxp3-dr-filter-cm-6","status":"publish","type":"product","link":"https:\/\/gajos.sk\/eshop\/p\/of-02-cbrn-a2b2e2k2sxp3-dr-filter-cm-6\/","title":{"rendered":"OF-02 CBRN A2B2E2K2SXP3 DR filter CM-6"},"content":{"rendered":"","protected":false},"excerpt":{"rendered":"<p>Ochrann\u00fd filtr oF \u2013 02 CBRn<\/p>\n<p>A2B2E2K2SXP3 D R<\/p>\n<p>Pr\u016fm\u011br x v\u00fd\u0161ka: 110 x 81mm<br \/>\nHmotnost: 380 g<br \/>\nD\u00fdchac\u00ed odpor p\u0159i: 30 l\/min &#8211; 160 Pa, 95 l\/min &#8211; 600 Pa<br \/>\nKoeficient pr\u016fniku: 99,99%<br \/>\nZ\u00e1vitov\u00e9 p\u0159ipojen\u00ed: EN 148-1 Rd 40&#215;1\/7\u201d<\/p>\n","protected":false},"featured_media":352243,"template":"","meta":{"_acf_changed":false,"inline_featured_image":false},"product_brand":[],"product_cat":[2146,2543,2539,2128],"product_tag":[1179],"class_list":{"0":"post-352241","1":"product","2":"type-product","3":"status-publish","4":"has-post-thumbnail","6":"product_cat-ochrana-dychacich-ciest","7":"product_cat-filtre","8":"product_cat-polotvarove-masky-a-celotvarove-masky","9":"product_cat-ochranne-pomocky","10":"product_tag-cerva","11":"pa_velkost-uni","13":"first","14":"instock","15":"taxable","16":"shipping-taxable","17":"purchasable","18":"product-type-variable"},"acf":[],"_links":{"self":[{"href":"https:\/\/gajos.sk\/eshop\/wp-json\/wp\/v2\/product\/352241","targetHints":{"allow":["GET"]}}],"collection":[{"href":"https:\/\/gajos.sk\/eshop\/wp-json\/wp\/v2\/product"}],"about":[{"href":"https:\/\/gajos.sk\/eshop\/wp-json\/wp\/v2\/types\/product"}],"wp:featuredmedia":[{"embeddable":true,"href":"https:\/\/gajos.sk\/eshop\/wp-json\/wp\/v2\/media\/352243"}],"wp:attachment":[{"href":"https:\/\/gajos.sk\/eshop\/wp-json\/wp\/v2\/media?parent=352241"}],"wp:term":[{"taxonomy":"product_brand","embeddable":true,"href":"https:\/\/gajos.sk\/eshop\/wp-json\/wp\/v2\/product_brand?post=352241"},{"taxonomy":"product_cat","embeddable":true,"href":"https:\/\/gajos.sk\/eshop\/wp-json\/wp\/v2\/product_cat?post=352241"},{"taxonomy":"product_tag","embeddable":true,"href":"https:\/\/gajos.sk\/eshop\/wp-json\/wp\/v2\/product_tag?post=352241"}],"curies":[{"name":"wp","href":"https:\/\/api.w.org\/{rel}","templated":true}]}}