{"id":352229,"date":"2024-03-01T23:21:04","date_gmt":"2024-03-01T22:21:04","guid":{"rendered":"https:\/\/gajostest.a2hosted.com\/eshop\/filter-a1p3-pre-732-n-a-800-2ks\/"},"modified":"2026-05-01T22:11:00","modified_gmt":"2026-05-01T20:11:00","slug":"filter-a1p3-pre-732-n-a-800-2ks","status":"publish","type":"product","link":"https:\/\/gajos.sk\/eshop\/p\/filter-a1p3-pre-732-n-a-800-2ks\/","title":{"rendered":"Filter A1P3 pre 732-N a 800 (2ks)"},"content":{"rendered":"","protected":false},"excerpt":{"rendered":"<p>Filtr A1P3 pro celoobli\u010dejovou masku 732-N a polomasku 800.<br \/>\nP\u00e1rov\u00e9 balen\u00ed.<\/p>\n","protected":false},"featured_media":352231,"template":"","meta":{"_acf_changed":false,"inline_featured_image":false},"product_brand":[],"product_cat":[2146,2543,2539,2128],"product_tag":[2488],"class_list":{"0":"post-352229","1":"product","2":"type-product","3":"status-publish","4":"has-post-thumbnail","6":"product_cat-ochrana-dychacich-ciest","7":"product_cat-filtre","8":"product_cat-polotvarove-masky-a-celotvarove-masky","9":"product_cat-ochranne-pomocky","10":"product_tag-climax","11":"pa_velkost-uni","13":"first","14":"instock","15":"taxable","16":"shipping-taxable","17":"purchasable","18":"product-type-variable"},"acf":[],"_links":{"self":[{"href":"https:\/\/gajos.sk\/eshop\/wp-json\/wp\/v2\/product\/352229","targetHints":{"allow":["GET"]}}],"collection":[{"href":"https:\/\/gajos.sk\/eshop\/wp-json\/wp\/v2\/product"}],"about":[{"href":"https:\/\/gajos.sk\/eshop\/wp-json\/wp\/v2\/types\/product"}],"wp:featuredmedia":[{"embeddable":true,"href":"https:\/\/gajos.sk\/eshop\/wp-json\/wp\/v2\/media\/352231"}],"wp:attachment":[{"href":"https:\/\/gajos.sk\/eshop\/wp-json\/wp\/v2\/media?parent=352229"}],"wp:term":[{"taxonomy":"product_brand","embeddable":true,"href":"https:\/\/gajos.sk\/eshop\/wp-json\/wp\/v2\/product_brand?post=352229"},{"taxonomy":"product_cat","embeddable":true,"href":"https:\/\/gajos.sk\/eshop\/wp-json\/wp\/v2\/product_cat?post=352229"},{"taxonomy":"product_tag","embeddable":true,"href":"https:\/\/gajos.sk\/eshop\/wp-json\/wp\/v2\/product_tag?post=352229"}],"curies":[{"name":"wp","href":"https:\/\/api.w.org\/{rel}","templated":true}]}}