{"id":352205,"date":"2024-03-01T23:19:44","date_gmt":"2024-03-01T22:19:44","guid":{"rendered":"https:\/\/gajostest.a2hosted.com\/eshop\/p2-filter-k-polomaske-respira-compact\/"},"modified":"2026-05-07T21:54:30","modified_gmt":"2026-05-07T19:54:30","slug":"p2-filter-k-polomaske-respira-compact","status":"publish","type":"product","link":"https:\/\/gajos.sk\/eshop\/p\/p2-filter-k-polomaske-respira-compact\/","title":{"rendered":"P2 filter k polomaske Respira Compact"},"content":{"rendered":"","protected":false},"excerpt":{"rendered":"<p>&#8222;Mo\u017enos\u0165 steriliz\u00e1cie filtra a\u017e 5x, a to bu\u010f ponoren\u00edm v 60% roztoku alkoholu alebo teplotou 80\u00b0C po dobu 20 min\u00fat alebo oz\u00f3nom alebo UV.<br \/>\nNajmen\u0161\u00ed v\u00edrus 200 nanometrov, nanofiltre zachytia \u010dasticu o ve\u013ekosti 50 nanometrov.<br \/>\nOve\u013ea dlh\u0161ia \u017eivotnos\u0165, v\u010faka pou\u017eit\u00e9mu nanofiltra\u010dn\u00e9mu materi\u00e1lu a jedn\u00e9mu n\u00e1dychov\u00e9mu a v\u00fddychov\u00e9mu ventilu je \u017eivotnos\u0165 filtra pribli\u017ene 4x dlh\u0161ia, ne\u017e u be\u017en\u00fdch filtra\u010dn\u00fdch materi\u00e1lov polomasiek a celotv\u00e1rov\u00fdch masiek.<br \/>\nBalenie obsahuje 3 filtre.&#8220;<\/p>\n","protected":false},"featured_media":352207,"template":"","meta":{"_acf_changed":false,"inline_featured_image":false},"product_brand":[],"product_cat":[2146,2543,2539,2128],"product_tag":[1179],"class_list":{"0":"post-352205","1":"product","2":"type-product","3":"status-publish","4":"has-post-thumbnail","6":"product_cat-ochrana-dychacich-ciest","7":"product_cat-filtre","8":"product_cat-polotvarove-masky-a-celotvarove-masky","9":"product_cat-ochranne-pomocky","10":"product_tag-cerva","11":"pa_velkost-uni","13":"first","14":"instock","15":"taxable","16":"shipping-taxable","17":"purchasable","18":"product-type-variable"},"acf":[],"_links":{"self":[{"href":"https:\/\/gajos.sk\/eshop\/wp-json\/wp\/v2\/product\/352205","targetHints":{"allow":["GET"]}}],"collection":[{"href":"https:\/\/gajos.sk\/eshop\/wp-json\/wp\/v2\/product"}],"about":[{"href":"https:\/\/gajos.sk\/eshop\/wp-json\/wp\/v2\/types\/product"}],"wp:featuredmedia":[{"embeddable":true,"href":"https:\/\/gajos.sk\/eshop\/wp-json\/wp\/v2\/media\/352207"}],"wp:attachment":[{"href":"https:\/\/gajos.sk\/eshop\/wp-json\/wp\/v2\/media?parent=352205"}],"wp:term":[{"taxonomy":"product_brand","embeddable":true,"href":"https:\/\/gajos.sk\/eshop\/wp-json\/wp\/v2\/product_brand?post=352205"},{"taxonomy":"product_cat","embeddable":true,"href":"https:\/\/gajos.sk\/eshop\/wp-json\/wp\/v2\/product_cat?post=352205"},{"taxonomy":"product_tag","embeddable":true,"href":"https:\/\/gajos.sk\/eshop\/wp-json\/wp\/v2\/product_tag?post=352205"}],"curies":[{"name":"wp","href":"https:\/\/api.w.org\/{rel}","templated":true}]}}