{"id":352154,"date":"2024-03-01T23:19:14","date_gmt":"2024-03-01T22:19:14","guid":{"rendered":"https:\/\/gajostest.a2hosted.com\/eshop\/sr-597-protiplynovy-filter-a1be2k1\/"},"modified":"2026-04-15T22:02:50","modified_gmt":"2026-04-15T20:02:50","slug":"sr-597-protiplynovy-filter-a1be2k1","status":"publish","type":"product","link":"https:\/\/gajos.sk\/eshop\/p\/sr-597-protiplynovy-filter-a1be2k1\/","title":{"rendered":"SR 597 Protiplynov\u00fd filter A1BE2K1"},"content":{"rendered":"","protected":false},"excerpt":{"rendered":"<p>Bakteri\u00e1lna a v\u00edrusov\u00e1 filtra\u010dn\u00e1 \u00fa\u010dinnos\u0165 \u2265 99.9 %<\/p>\n","protected":false},"featured_media":352156,"template":"","meta":{"_acf_changed":false,"inline_featured_image":false},"product_brand":[],"product_cat":[2146,2543,2539,2128],"product_tag":[2525],"class_list":{"0":"post-352154","1":"product","2":"type-product","3":"status-publish","4":"has-post-thumbnail","6":"product_cat-ochrana-dychacich-ciest","7":"product_cat-filtre","8":"product_cat-polotvarove-masky-a-celotvarove-masky","9":"product_cat-ochranne-pomocky","10":"product_tag-sundstrom","11":"pa_velkost-uni","13":"first","14":"instock","15":"taxable","16":"shipping-taxable","17":"purchasable","18":"product-type-variable"},"acf":[],"_links":{"self":[{"href":"https:\/\/gajos.sk\/eshop\/wp-json\/wp\/v2\/product\/352154","targetHints":{"allow":["GET"]}}],"collection":[{"href":"https:\/\/gajos.sk\/eshop\/wp-json\/wp\/v2\/product"}],"about":[{"href":"https:\/\/gajos.sk\/eshop\/wp-json\/wp\/v2\/types\/product"}],"wp:featuredmedia":[{"embeddable":true,"href":"https:\/\/gajos.sk\/eshop\/wp-json\/wp\/v2\/media\/352156"}],"wp:attachment":[{"href":"https:\/\/gajos.sk\/eshop\/wp-json\/wp\/v2\/media?parent=352154"}],"wp:term":[{"taxonomy":"product_brand","embeddable":true,"href":"https:\/\/gajos.sk\/eshop\/wp-json\/wp\/v2\/product_brand?post=352154"},{"taxonomy":"product_cat","embeddable":true,"href":"https:\/\/gajos.sk\/eshop\/wp-json\/wp\/v2\/product_cat?post=352154"},{"taxonomy":"product_tag","embeddable":true,"href":"https:\/\/gajos.sk\/eshop\/wp-json\/wp\/v2\/product_tag?post=352154"}],"curies":[{"name":"wp","href":"https:\/\/api.w.org\/{rel}","templated":true}]}}