{"id":352148,"date":"2024-03-01T23:19:04","date_gmt":"2024-03-01T22:19:04","guid":{"rendered":"https:\/\/gajostest.a2hosted.com\/eshop\/sr-518-protiplynovy-filter-a2\/"},"modified":"2026-04-15T22:02:50","modified_gmt":"2026-04-15T20:02:50","slug":"sr-518-protiplynovy-filter-a2","status":"publish","type":"product","link":"https:\/\/gajos.sk\/eshop\/p\/sr-518-protiplynovy-filter-a2\/","title":{"rendered":"SR 518 Protiplynov\u00fd filter A2"},"content":{"rendered":"","protected":false},"excerpt":{"rendered":"<p>A2 plynov\u00fd filter ur\u010den\u00fd pre pou\u017eitie s SR 500, SR 500 EX filtroventila\u010dn\u00fdmi jednotkami. Chr\u00e1ni pred organick\u00fdmi plynmi a v\u00fdparmi, ako s\u00fa rozp\u00fa\u0161\u0165adl\u00e1 s bodom varu >+65\u00b0C. V\u017edy je nutn\u00e9 pou\u017ei\u0165 aj dva kusy \u010dasticov\u00e9ho filtra na pou\u017eitie s filtroventila\u010dnou jednotkou.<\/p>\n","protected":false},"featured_media":352150,"template":"","meta":{"_acf_changed":false,"inline_featured_image":false},"product_brand":[],"product_cat":[2146,2543,2539,2128],"product_tag":[2525],"class_list":{"0":"post-352148","1":"product","2":"type-product","3":"status-publish","4":"has-post-thumbnail","6":"product_cat-ochrana-dychacich-ciest","7":"product_cat-filtre","8":"product_cat-polotvarove-masky-a-celotvarove-masky","9":"product_cat-ochranne-pomocky","10":"product_tag-sundstrom","11":"pa_velkost-uni","13":"first","14":"instock","15":"taxable","16":"shipping-taxable","17":"purchasable","18":"product-type-variable"},"acf":[],"_links":{"self":[{"href":"https:\/\/gajos.sk\/eshop\/wp-json\/wp\/v2\/product\/352148","targetHints":{"allow":["GET"]}}],"collection":[{"href":"https:\/\/gajos.sk\/eshop\/wp-json\/wp\/v2\/product"}],"about":[{"href":"https:\/\/gajos.sk\/eshop\/wp-json\/wp\/v2\/types\/product"}],"wp:featuredmedia":[{"embeddable":true,"href":"https:\/\/gajos.sk\/eshop\/wp-json\/wp\/v2\/media\/352150"}],"wp:attachment":[{"href":"https:\/\/gajos.sk\/eshop\/wp-json\/wp\/v2\/media?parent=352148"}],"wp:term":[{"taxonomy":"product_brand","embeddable":true,"href":"https:\/\/gajos.sk\/eshop\/wp-json\/wp\/v2\/product_brand?post=352148"},{"taxonomy":"product_cat","embeddable":true,"href":"https:\/\/gajos.sk\/eshop\/wp-json\/wp\/v2\/product_cat?post=352148"},{"taxonomy":"product_tag","embeddable":true,"href":"https:\/\/gajos.sk\/eshop\/wp-json\/wp\/v2\/product_tag?post=352148"}],"curies":[{"name":"wp","href":"https:\/\/api.w.org\/{rel}","templated":true}]}}