{"id":352145,"date":"2024-03-01T23:19:04","date_gmt":"2024-03-01T22:19:04","guid":{"rendered":"https:\/\/gajostest.a2hosted.com\/eshop\/sr-710-filter-castic-p3-r\/"},"modified":"2026-04-15T22:02:50","modified_gmt":"2026-04-15T20:02:50","slug":"sr-710-filter-castic-p3-r","status":"publish","type":"product","link":"https:\/\/gajos.sk\/eshop\/p\/sr-710-filter-castic-p3-r\/","title":{"rendered":"SR 710 Filter \u010dast\u00edc P3 R"},"content":{"rendered":"","protected":false},"excerpt":{"rendered":"<p>\u010casticov\u00fd filter P3 R na pou\u017eitie s filtroventila\u010dn\u00fdmi jednotkami SR 500, SR 500 EX, SR 700. Nie je pou\u017eite\u013en\u00e9 v kombin\u00e1cii s plynov\u00fdmi filtrami. Mo\u017eno pou\u017ei\u0165 v kombin\u00e1cii s predfiltrami SR 221, ktor\u00e9 pred\u013a\u017eia \u017eivotnos\u0165 SR 710.<\/p>\n","protected":false},"featured_media":352147,"template":"","meta":{"_acf_changed":false,"inline_featured_image":false},"product_brand":[],"product_cat":[2146,2543,2539,2128],"product_tag":[2525],"class_list":{"0":"post-352145","1":"product","2":"type-product","3":"status-publish","4":"has-post-thumbnail","6":"product_cat-ochrana-dychacich-ciest","7":"product_cat-filtre","8":"product_cat-polotvarove-masky-a-celotvarove-masky","9":"product_cat-ochranne-pomocky","10":"product_tag-sundstrom","11":"pa_velkost-uni","13":"first","14":"instock","15":"taxable","16":"shipping-taxable","17":"purchasable","18":"product-type-variable"},"acf":[],"_links":{"self":[{"href":"https:\/\/gajos.sk\/eshop\/wp-json\/wp\/v2\/product\/352145","targetHints":{"allow":["GET"]}}],"collection":[{"href":"https:\/\/gajos.sk\/eshop\/wp-json\/wp\/v2\/product"}],"about":[{"href":"https:\/\/gajos.sk\/eshop\/wp-json\/wp\/v2\/types\/product"}],"wp:featuredmedia":[{"embeddable":true,"href":"https:\/\/gajos.sk\/eshop\/wp-json\/wp\/v2\/media\/352147"}],"wp:attachment":[{"href":"https:\/\/gajos.sk\/eshop\/wp-json\/wp\/v2\/media?parent=352145"}],"wp:term":[{"taxonomy":"product_brand","embeddable":true,"href":"https:\/\/gajos.sk\/eshop\/wp-json\/wp\/v2\/product_brand?post=352145"},{"taxonomy":"product_cat","embeddable":true,"href":"https:\/\/gajos.sk\/eshop\/wp-json\/wp\/v2\/product_cat?post=352145"},{"taxonomy":"product_tag","embeddable":true,"href":"https:\/\/gajos.sk\/eshop\/wp-json\/wp\/v2\/product_tag?post=352145"}],"curies":[{"name":"wp","href":"https:\/\/api.w.org\/{rel}","templated":true}]}}