{"id":352121,"date":"2024-03-01T23:17:54","date_gmt":"2024-03-01T22:17:54","guid":{"rendered":"https:\/\/gajostest.a2hosted.com\/eshop\/jsp-predfiltracia-p2-force-8\/"},"modified":"2026-04-20T00:56:40","modified_gmt":"2026-04-19T22:56:40","slug":"jsp-predfiltracia-p2-force-8","status":"publish","type":"product","link":"https:\/\/gajos.sk\/eshop\/p\/jsp-predfiltracia-p2-force-8\/","title":{"rendered":"JSP predfiltr\u00e1cia P2 FORCE 8"},"content":{"rendered":"","protected":false},"excerpt":{"rendered":"<p>P\u0159edfiltr Force\u00ae8 P2 (F-2002) \u2013 balen\u00ed po 200 ks<br \/>\nCenov\u011b v\u00fdhodn\u00e9 p\u0159edfiltry pro ochranu proti \u010d\u00e1stic\u00edm s n\u00edzk\u00fdm \u00fahlem profilu pro minim\u00e1ln\u00ed zhor\u0161en\u00ed zraku. P\u0159edfiltry P2 pom\u00e1haj\u00ed maximalizovat \u017eivotnost plynov\u00fdch filtr\u016f t\u00edm, \u017ee filtruj\u00ed \u010d\u00e1stice, a t\u00edm sni\u017euj\u00ed provozn\u00ed n\u00e1klady. Pozn. Vhodn\u00e9 pouze pro plynov\u00e9 filtry. Patrony maj\u00ed integrovan\u00fd bez\u00fadr\u017ebov\u00fd jednor\u00e1zov\u00fd inhala\u010dn\u00ed ventil. Snadn\u00e9 p\u0159ipevn\u011bn\u00ed k respir\u00e1toru s bezpe\u010dn\u00fdm uchycen\u00edm p\u0159i aplikaci.<\/p>\n","protected":false},"featured_media":352123,"template":"","meta":{"_acf_changed":false,"inline_featured_image":false},"product_brand":[],"product_cat":[2146,2543,2539,2128],"product_tag":[1209],"class_list":{"0":"post-352121","1":"product","2":"type-product","3":"status-publish","4":"has-post-thumbnail","6":"product_cat-ochrana-dychacich-ciest","7":"product_cat-filtre","8":"product_cat-polotvarove-masky-a-celotvarove-masky","9":"product_cat-ochranne-pomocky","10":"product_tag-jsp","11":"pa_velkost-uni","13":"first","14":"instock","15":"taxable","16":"shipping-taxable","17":"purchasable","18":"product-type-variable"},"acf":[],"_links":{"self":[{"href":"https:\/\/gajos.sk\/eshop\/wp-json\/wp\/v2\/product\/352121","targetHints":{"allow":["GET"]}}],"collection":[{"href":"https:\/\/gajos.sk\/eshop\/wp-json\/wp\/v2\/product"}],"about":[{"href":"https:\/\/gajos.sk\/eshop\/wp-json\/wp\/v2\/types\/product"}],"wp:featuredmedia":[{"embeddable":true,"href":"https:\/\/gajos.sk\/eshop\/wp-json\/wp\/v2\/media\/352123"}],"wp:attachment":[{"href":"https:\/\/gajos.sk\/eshop\/wp-json\/wp\/v2\/media?parent=352121"}],"wp:term":[{"taxonomy":"product_brand","embeddable":true,"href":"https:\/\/gajos.sk\/eshop\/wp-json\/wp\/v2\/product_brand?post=352121"},{"taxonomy":"product_cat","embeddable":true,"href":"https:\/\/gajos.sk\/eshop\/wp-json\/wp\/v2\/product_cat?post=352121"},{"taxonomy":"product_tag","embeddable":true,"href":"https:\/\/gajos.sk\/eshop\/wp-json\/wp\/v2\/product_tag?post=352121"}],"curies":[{"name":"wp","href":"https:\/\/api.w.org\/{rel}","templated":true}]}}