{"id":352032,"date":"2024-03-01T23:15:58","date_gmt":"2024-03-01T22:15:58","guid":{"rendered":"https:\/\/gajostest.a2hosted.com\/eshop\/3m-2135-filter-p3-2ks-bal\/"},"modified":"2026-04-19T07:12:56","modified_gmt":"2026-04-19T05:12:56","slug":"3m-2135-filter-p3-2ks-bal","status":"publish","type":"product","link":"https:\/\/gajos.sk\/eshop\/p\/3m-2135-filter-p3-2ks-bal\/","title":{"rendered":"3M 2135 filter P3 2ks\/BAL"},"content":{"rendered":"","protected":false},"excerpt":{"rendered":"<p>Tieto filtre mo\u017eno pou\u017ei\u0165 s polomaskou radu 6000, 7500 a\/alebo s celotv\u00e1rovou maskou radu 6000.<\/p>\n","protected":false},"featured_media":352034,"template":"","meta":{"_acf_changed":false,"inline_featured_image":false},"product_brand":[],"product_cat":[2146,2543,2539,2128],"product_tag":[1275],"class_list":{"0":"post-352032","1":"product","2":"type-product","3":"status-publish","4":"has-post-thumbnail","6":"product_cat-ochrana-dychacich-ciest","7":"product_cat-filtre","8":"product_cat-polotvarove-masky-a-celotvarove-masky","9":"product_cat-ochranne-pomocky","10":"product_tag-3m","11":"pa_velkost-uni","13":"first","14":"instock","15":"taxable","16":"shipping-taxable","17":"purchasable","18":"product-type-variable"},"acf":[],"_links":{"self":[{"href":"https:\/\/gajos.sk\/eshop\/wp-json\/wp\/v2\/product\/352032","targetHints":{"allow":["GET"]}}],"collection":[{"href":"https:\/\/gajos.sk\/eshop\/wp-json\/wp\/v2\/product"}],"about":[{"href":"https:\/\/gajos.sk\/eshop\/wp-json\/wp\/v2\/types\/product"}],"wp:featuredmedia":[{"embeddable":true,"href":"https:\/\/gajos.sk\/eshop\/wp-json\/wp\/v2\/media\/352034"}],"wp:attachment":[{"href":"https:\/\/gajos.sk\/eshop\/wp-json\/wp\/v2\/media?parent=352032"}],"wp:term":[{"taxonomy":"product_brand","embeddable":true,"href":"https:\/\/gajos.sk\/eshop\/wp-json\/wp\/v2\/product_brand?post=352032"},{"taxonomy":"product_cat","embeddable":true,"href":"https:\/\/gajos.sk\/eshop\/wp-json\/wp\/v2\/product_cat?post=352032"},{"taxonomy":"product_tag","embeddable":true,"href":"https:\/\/gajos.sk\/eshop\/wp-json\/wp\/v2\/product_tag?post=352032"}],"curies":[{"name":"wp","href":"https:\/\/api.w.org\/{rel}","templated":true}]}}