{"id":352023,"date":"2024-03-01T23:15:48","date_gmt":"2024-03-01T22:15:48","guid":{"rendered":"https:\/\/gajostest.a2hosted.com\/eshop\/732-n-celotvarova-maska\/"},"modified":"2026-05-01T22:10:59","modified_gmt":"2026-05-01T20:10:59","slug":"732-n-celotvarova-maska","status":"publish","type":"product","link":"https:\/\/gajos.sk\/eshop\/p\/732-n-celotvarova-maska\/","title":{"rendered":"732-N celotv\u00e1rov\u00e1 maska"},"content":{"rendered":"","protected":false},"excerpt":{"rendered":"<p>Celoobli\u010dejov\u00e1 maska pro v\u0161eobecn\u00e9 pou\u017eit\u00ed. T\u0158\u00cdDA 1.<br \/>\nCeloobli\u010dej ze silikonov\u00e9 pry\u017ee. Polykarbon\u00e1tov\u00fd zorn\u00edk s povrchovou \u00fapravou proti po\u0161kr\u00e1b\u00e1n\u00ed a odolnost proti n\u00e1razu.<br \/>\n\u0160irok\u00e9 zorn\u00e9 pole. Kompatibiln\u00ed s Climax filtry 757-N, pro plyny, p\u00e1ry nebo \u010d\u00e1stice.<br \/>\nPostroj s\u00a0p\u011bti kotevn\u00edmi body pro lep\u0161\u00ed manipulaci. Filtry jsou dod\u00e1v\u00e1ny samostatn\u011b podle ochrany po\u017eadovan\u00e9 u\u017eivatelem.<\/p>\n<p>     t\u0159\u00edda: 1<br \/>\n     \u0160\u00ed\u0159ka bod\u016f: 5<br \/>\n     P\u0159ipojen\u00ed filtru: Bajonet<br \/>\n     Filtry: 757-N<br \/>\n     Materi\u00e1l: Silikonov\u00e1 pry\u017e<br \/>\n     Nomin\u00e1ln\u00ed ochrann\u00fd faktor (NPF): 1000<br \/>\n     Hmotnost: 660 gr<br \/>\n     Norma: EN 136:1998<\/p>\n","protected":false},"featured_media":352025,"template":"","meta":{"_acf_changed":false,"inline_featured_image":false},"product_brand":[],"product_cat":[2146,2542,2539,2128],"product_tag":[2488],"class_list":{"0":"post-352023","1":"product","2":"type-product","3":"status-publish","4":"has-post-thumbnail","6":"product_cat-ochrana-dychacich-ciest","7":"product_cat-celotvarove-masky","8":"product_cat-polotvarove-masky-a-celotvarove-masky","9":"product_cat-ochranne-pomocky","10":"product_tag-climax","11":"pa_velkost-uni","13":"first","14":"instock","15":"taxable","16":"shipping-taxable","17":"purchasable","18":"product-type-variable"},"acf":[],"_links":{"self":[{"href":"https:\/\/gajos.sk\/eshop\/wp-json\/wp\/v2\/product\/352023","targetHints":{"allow":["GET"]}}],"collection":[{"href":"https:\/\/gajos.sk\/eshop\/wp-json\/wp\/v2\/product"}],"about":[{"href":"https:\/\/gajos.sk\/eshop\/wp-json\/wp\/v2\/types\/product"}],"wp:featuredmedia":[{"embeddable":true,"href":"https:\/\/gajos.sk\/eshop\/wp-json\/wp\/v2\/media\/352025"}],"wp:attachment":[{"href":"https:\/\/gajos.sk\/eshop\/wp-json\/wp\/v2\/media?parent=352023"}],"wp:term":[{"taxonomy":"product_brand","embeddable":true,"href":"https:\/\/gajos.sk\/eshop\/wp-json\/wp\/v2\/product_brand?post=352023"},{"taxonomy":"product_cat","embeddable":true,"href":"https:\/\/gajos.sk\/eshop\/wp-json\/wp\/v2\/product_cat?post=352023"},{"taxonomy":"product_tag","embeddable":true,"href":"https:\/\/gajos.sk\/eshop\/wp-json\/wp\/v2\/product_tag?post=352023"}],"curies":[{"name":"wp","href":"https:\/\/api.w.org\/{rel}","templated":true}]}}