{"id":352014,"date":"2024-03-01T23:15:38","date_gmt":"2024-03-01T22:15:38","guid":{"rendered":"https:\/\/gajostest.a2hosted.com\/eshop\/sr-200-airline-pc-zornik\/"},"modified":"2026-04-15T22:00:56","modified_gmt":"2026-04-15T20:00:56","slug":"sr-200-airline-pc-zornik","status":"publish","type":"product","link":"https:\/\/gajos.sk\/eshop\/p\/sr-200-airline-pc-zornik\/","title":{"rendered":"SR 200 AIRLINE PC zorn\u00edk"},"content":{"rendered":"","protected":false},"excerpt":{"rendered":"<p>celotv\u00e1rov\u00e1 maska na stla\u010den\u00fd vzduch, v\u00fdborne sed\u00ed, s vysokou \u00fa\u010dinnos\u0165ou ochrany a ve\u013emi dobr\u00fdm komfortom pri d\u00fdchan\u00ed v najn\u00e1ro\u010dnej\u0161\u00edch oblastiach pou\u017eitia; Sundstr\u00f6m SR 200 Airline je d\u00fdchac\u00ed pr\u00edstroj s nepretr\u017eit\u00fdm pr\u00faden\u00edm vzduchu ur\u010den\u00fd k pripojeniu k pr\u00edvodu stla\u010den\u00e9ho vzduchu; unik\u00e1tn\u00e9 vlastnost\u00ed SR 200 Airline je rozsah, ktor\u00fd poskytuje pri z\u00e1lohovan\u00ed filtra<\/p>\n","protected":false},"featured_media":352016,"template":"","meta":{"_acf_changed":false,"inline_featured_image":false},"product_brand":[],"product_cat":[2146,2542,2539,2128],"product_tag":[2525],"class_list":{"0":"post-352014","1":"product","2":"type-product","3":"status-publish","4":"has-post-thumbnail","6":"product_cat-ochrana-dychacich-ciest","7":"product_cat-celotvarove-masky","8":"product_cat-polotvarove-masky-a-celotvarove-masky","9":"product_cat-ochranne-pomocky","10":"product_tag-sundstrom","11":"pa_velkost-uni","13":"first","14":"instock","15":"taxable","16":"shipping-taxable","17":"purchasable","18":"product-type-variable"},"acf":[],"_links":{"self":[{"href":"https:\/\/gajos.sk\/eshop\/wp-json\/wp\/v2\/product\/352014","targetHints":{"allow":["GET"]}}],"collection":[{"href":"https:\/\/gajos.sk\/eshop\/wp-json\/wp\/v2\/product"}],"about":[{"href":"https:\/\/gajos.sk\/eshop\/wp-json\/wp\/v2\/types\/product"}],"wp:featuredmedia":[{"embeddable":true,"href":"https:\/\/gajos.sk\/eshop\/wp-json\/wp\/v2\/media\/352016"}],"wp:attachment":[{"href":"https:\/\/gajos.sk\/eshop\/wp-json\/wp\/v2\/media?parent=352014"}],"wp:term":[{"taxonomy":"product_brand","embeddable":true,"href":"https:\/\/gajos.sk\/eshop\/wp-json\/wp\/v2\/product_brand?post=352014"},{"taxonomy":"product_cat","embeddable":true,"href":"https:\/\/gajos.sk\/eshop\/wp-json\/wp\/v2\/product_cat?post=352014"},{"taxonomy":"product_tag","embeddable":true,"href":"https:\/\/gajos.sk\/eshop\/wp-json\/wp\/v2\/product_tag?post=352014"}],"curies":[{"name":"wp","href":"https:\/\/api.w.org\/{rel}","templated":true}]}}