{"id":351991,"date":"2024-03-01T23:15:32","date_gmt":"2024-03-01T22:15:32","guid":{"rendered":"https:\/\/gajostest.a2hosted.com\/eshop\/3m-105-cistiace-obrusky-2ks-bal\/"},"modified":"2026-04-19T07:12:56","modified_gmt":"2026-04-19T05:12:56","slug":"3m-105-cistiace-obrusky-2ks-bal","status":"publish","type":"product","link":"https:\/\/gajos.sk\/eshop\/p\/3m-105-cistiace-obrusky-2ks-bal\/","title":{"rendered":"3M 105 \u010distiace obr\u00fasky (2ks\/BAL)"},"content":{"rendered":"","protected":false},"excerpt":{"rendered":"<p>3M\u2122 105 \u010disti\u010d na tv\u00e1rov\u00e9 tesnenia masiek sa dod\u00e1va vo forme jednotlivo balen\u00fdch zvlh\u010den\u00fdch obr\u00faskov a je ur\u010den\u00fd na \u010distenie tv\u00e1rovej \u010dasti bez jej po\u0161kodenia.<\/p>\n","protected":false},"featured_media":351993,"template":"","meta":{"_acf_changed":false,"inline_featured_image":false},"product_brand":[],"product_cat":[2146,2538,2128],"product_tag":[1275],"class_list":{"0":"post-351991","1":"product","2":"type-product","3":"status-publish","4":"has-post-thumbnail","6":"product_cat-ochrana-dychacich-ciest","7":"product_cat-prislusenstvo-ochrana-dychacich-ciest","8":"product_cat-ochranne-pomocky","9":"product_tag-3m","10":"pa_velkost-uni","12":"first","13":"instock","14":"taxable","15":"shipping-taxable","16":"purchasable","17":"product-type-variable"},"acf":[],"_links":{"self":[{"href":"https:\/\/gajos.sk\/eshop\/wp-json\/wp\/v2\/product\/351991","targetHints":{"allow":["GET"]}}],"collection":[{"href":"https:\/\/gajos.sk\/eshop\/wp-json\/wp\/v2\/product"}],"about":[{"href":"https:\/\/gajos.sk\/eshop\/wp-json\/wp\/v2\/types\/product"}],"wp:featuredmedia":[{"embeddable":true,"href":"https:\/\/gajos.sk\/eshop\/wp-json\/wp\/v2\/media\/351993"}],"wp:attachment":[{"href":"https:\/\/gajos.sk\/eshop\/wp-json\/wp\/v2\/media?parent=351991"}],"wp:term":[{"taxonomy":"product_brand","embeddable":true,"href":"https:\/\/gajos.sk\/eshop\/wp-json\/wp\/v2\/product_brand?post=351991"},{"taxonomy":"product_cat","embeddable":true,"href":"https:\/\/gajos.sk\/eshop\/wp-json\/wp\/v2\/product_cat?post=351991"},{"taxonomy":"product_tag","embeddable":true,"href":"https:\/\/gajos.sk\/eshop\/wp-json\/wp\/v2\/product_tag?post=351991"}],"curies":[{"name":"wp","href":"https:\/\/api.w.org\/{rel}","templated":true}]}}