{"id":351988,"date":"2024-03-01T23:15:23","date_gmt":"2024-03-01T22:15:23","guid":{"rendered":"https:\/\/gajostest.a2hosted.com\/eshop\/3m-6281-nahr-upinac-system-k-maske\/"},"modified":"2026-04-19T07:12:56","modified_gmt":"2026-04-19T05:12:56","slug":"3m-6281-nahr-upinac-system-k-maske","status":"publish","type":"product","link":"https:\/\/gajos.sk\/eshop\/p\/3m-6281-nahr-upinac-system-k-maske\/","title":{"rendered":"3M 6281 n\u00e1hr.up\u00ednac.syst\u00e9m k maske"},"content":{"rendered":"","protected":false},"excerpt":{"rendered":"<p>Pr\u00edslu\u0161enstvo n\u00e1hlavn\u00e9ho popruhu pre 3M\u2122 celotv\u00e1rov\u00fa masku radu 6000<\/p>\n","protected":false},"featured_media":351990,"template":"","meta":{"_acf_changed":false,"inline_featured_image":false},"product_brand":[],"product_cat":[2146,2538,2128],"product_tag":[1275],"class_list":{"0":"post-351988","1":"product","2":"type-product","3":"status-publish","4":"has-post-thumbnail","6":"product_cat-ochrana-dychacich-ciest","7":"product_cat-prislusenstvo-ochrana-dychacich-ciest","8":"product_cat-ochranne-pomocky","9":"product_tag-3m","10":"pa_velkost-uni","12":"first","13":"instock","14":"taxable","15":"shipping-taxable","16":"purchasable","17":"product-type-variable"},"acf":[],"_links":{"self":[{"href":"https:\/\/gajos.sk\/eshop\/wp-json\/wp\/v2\/product\/351988","targetHints":{"allow":["GET"]}}],"collection":[{"href":"https:\/\/gajos.sk\/eshop\/wp-json\/wp\/v2\/product"}],"about":[{"href":"https:\/\/gajos.sk\/eshop\/wp-json\/wp\/v2\/types\/product"}],"wp:featuredmedia":[{"embeddable":true,"href":"https:\/\/gajos.sk\/eshop\/wp-json\/wp\/v2\/media\/351990"}],"wp:attachment":[{"href":"https:\/\/gajos.sk\/eshop\/wp-json\/wp\/v2\/media?parent=351988"}],"wp:term":[{"taxonomy":"product_brand","embeddable":true,"href":"https:\/\/gajos.sk\/eshop\/wp-json\/wp\/v2\/product_brand?post=351988"},{"taxonomy":"product_cat","embeddable":true,"href":"https:\/\/gajos.sk\/eshop\/wp-json\/wp\/v2\/product_cat?post=351988"},{"taxonomy":"product_tag","embeddable":true,"href":"https:\/\/gajos.sk\/eshop\/wp-json\/wp\/v2\/product_tag?post=351988"}],"curies":[{"name":"wp","href":"https:\/\/api.w.org\/{rel}","templated":true}]}}