{"id":351981,"date":"2024-03-01T23:15:23","date_gmt":"2024-03-01T22:15:23","guid":{"rendered":"https:\/\/gajostest.a2hosted.com\/eshop\/3m-6900-maska\/"},"modified":"2026-04-19T07:12:56","modified_gmt":"2026-04-19T05:12:56","slug":"3m-6900-maska","status":"publish","type":"product","link":"https:\/\/gajos.sk\/eshop\/p\/3m-6900-maska\/","title":{"rendered":"3M 6900 maska"},"content":{"rendered":"","protected":false},"excerpt":{"rendered":"<p>celotv\u00e1rov\u00e1 maska \u200b\u200bradu 6000 pre opakovan\u00e9 pou\u017eitie je z\u00e1rukou \u013eahk\u00e9ho komfortu a jednoduch\u00e9ho pou\u017eitia. V kombin\u00e1cii s vhodn\u00fdmi 3M \u2122 \u010dasticov\u00fdmi filtrami ochrane d\u00fdchac\u00edch org\u00e1nov pred \u010dasticami alebo r\u00f4znymi plynmi a v\u00fdparmi.<\/p>\n","protected":false},"featured_media":351953,"template":"","meta":{"_acf_changed":false,"inline_featured_image":false},"product_brand":[],"product_cat":[2146,2542,2539,2128],"product_tag":[1275],"class_list":{"0":"post-351981","1":"product","2":"type-product","3":"status-publish","4":"has-post-thumbnail","6":"product_cat-ochrana-dychacich-ciest","7":"product_cat-celotvarove-masky","8":"product_cat-polotvarove-masky-a-celotvarove-masky","9":"product_cat-ochranne-pomocky","10":"product_tag-3m","11":"pa_velkost-l","13":"first","14":"instock","15":"taxable","16":"shipping-taxable","17":"purchasable","18":"product-type-variable"},"acf":[],"_links":{"self":[{"href":"https:\/\/gajos.sk\/eshop\/wp-json\/wp\/v2\/product\/351981","targetHints":{"allow":["GET"]}}],"collection":[{"href":"https:\/\/gajos.sk\/eshop\/wp-json\/wp\/v2\/product"}],"about":[{"href":"https:\/\/gajos.sk\/eshop\/wp-json\/wp\/v2\/types\/product"}],"wp:featuredmedia":[{"embeddable":true,"href":"https:\/\/gajos.sk\/eshop\/wp-json\/wp\/v2\/media\/351953"}],"wp:attachment":[{"href":"https:\/\/gajos.sk\/eshop\/wp-json\/wp\/v2\/media?parent=351981"}],"wp:term":[{"taxonomy":"product_brand","embeddable":true,"href":"https:\/\/gajos.sk\/eshop\/wp-json\/wp\/v2\/product_brand?post=351981"},{"taxonomy":"product_cat","embeddable":true,"href":"https:\/\/gajos.sk\/eshop\/wp-json\/wp\/v2\/product_cat?post=351981"},{"taxonomy":"product_tag","embeddable":true,"href":"https:\/\/gajos.sk\/eshop\/wp-json\/wp\/v2\/product_tag?post=351981"}],"curies":[{"name":"wp","href":"https:\/\/api.w.org\/{rel}","templated":true}]}}