{"id":351964,"date":"2024-03-01T23:15:14","date_gmt":"2024-03-01T22:15:14","guid":{"rendered":"https:\/\/gajostest.a2hosted.com\/eshop\/3m-6889-vydych-ventil-k-maske\/"},"modified":"2026-04-19T07:12:56","modified_gmt":"2026-04-19T05:12:56","slug":"3m-6889-vydych-ventil-k-maske","status":"publish","type":"product","link":"https:\/\/gajos.sk\/eshop\/p\/3m-6889-vydych-ventil-k-maske\/","title":{"rendered":"3M 6889 v\u00fddych.ventil k maske"},"content":{"rendered":"","protected":false},"excerpt":{"rendered":"<p>V\u00fddechov\u00fd ventil 3M\u2122 6889 je n\u00e1hradn\u00ed d\u00edl nebo p\u0159\u00edslu\u0161enstv\u00ed pro celoobli\u010dejov\u00e9 respir\u00e1tory 3M \u0159ady 6000. V balen\u00ed je deset kus\u016f.<\/p>\n","protected":false},"featured_media":351966,"template":"","meta":{"_acf_changed":false,"inline_featured_image":false},"product_brand":[],"product_cat":[2146,2538,2128],"product_tag":[1275],"class_list":{"0":"post-351964","1":"product","2":"type-product","3":"status-publish","4":"has-post-thumbnail","6":"product_cat-ochrana-dychacich-ciest","7":"product_cat-prislusenstvo-ochrana-dychacich-ciest","8":"product_cat-ochranne-pomocky","9":"product_tag-3m","10":"pa_velkost-uni","12":"first","13":"instock","14":"taxable","15":"shipping-taxable","16":"purchasable","17":"product-type-variable"},"acf":[],"_links":{"self":[{"href":"https:\/\/gajos.sk\/eshop\/wp-json\/wp\/v2\/product\/351964","targetHints":{"allow":["GET"]}}],"collection":[{"href":"https:\/\/gajos.sk\/eshop\/wp-json\/wp\/v2\/product"}],"about":[{"href":"https:\/\/gajos.sk\/eshop\/wp-json\/wp\/v2\/types\/product"}],"wp:featuredmedia":[{"embeddable":true,"href":"https:\/\/gajos.sk\/eshop\/wp-json\/wp\/v2\/media\/351966"}],"wp:attachment":[{"href":"https:\/\/gajos.sk\/eshop\/wp-json\/wp\/v2\/media?parent=351964"}],"wp:term":[{"taxonomy":"product_brand","embeddable":true,"href":"https:\/\/gajos.sk\/eshop\/wp-json\/wp\/v2\/product_brand?post=351964"},{"taxonomy":"product_cat","embeddable":true,"href":"https:\/\/gajos.sk\/eshop\/wp-json\/wp\/v2\/product_cat?post=351964"},{"taxonomy":"product_tag","embeddable":true,"href":"https:\/\/gajos.sk\/eshop\/wp-json\/wp\/v2\/product_tag?post=351964"}],"curies":[{"name":"wp","href":"https:\/\/api.w.org\/{rel}","templated":true}]}}