{"id":351939,"date":"2024-03-01T23:13:55","date_gmt":"2024-03-01T22:13:55","guid":{"rendered":"https:\/\/gajostest.a2hosted.com\/eshop\/800-polomaska\/"},"modified":"2026-05-02T21:56:54","modified_gmt":"2026-05-02T19:56:54","slug":"800-polomaska","status":"publish","type":"product","link":"https:\/\/gajos.sk\/eshop\/p\/800-polomaska\/","title":{"rendered":"800 polomaska"},"content":{"rendered":"","protected":false},"excerpt":{"rendered":"<p>Polomaska 800 byla navr\u017eena tak, aby poskytovala maxim\u00e1ln\u00ed ochranu proti plyn\u016fm, v\u00fdpar\u016fm a \u010d\u00e1stic\u00edm jako je prach, mlha a kou\u0159. Polomaska je kompatibiln\u00ed s filtry Climax model 757-N<\/p>\n<p>     P\u0159ipojen\u00ed filtru: Bajonet<br \/>\n     Filtry: 757-N<br \/>\n     Materi\u00e1l: TPE<br \/>\n     Nomin\u00e1ln\u00ed ochrann\u00fd faktor (NPF): 50<br \/>\n     Hmotnost: 131 gr<br \/>\n     Norma: EN 140:1999<\/p>\n","protected":false},"featured_media":351941,"template":"","meta":{"_acf_changed":false,"inline_featured_image":false},"product_brand":[],"product_cat":[2146,2539,2128],"product_tag":[2488],"class_list":{"0":"post-351939","1":"product","2":"type-product","3":"status-publish","4":"has-post-thumbnail","6":"product_cat-ochrana-dychacich-ciest","7":"product_cat-polotvarove-masky-a-celotvarove-masky","8":"product_cat-ochranne-pomocky","9":"product_tag-climax","10":"pa_velkost-uni","12":"first","13":"instock","14":"taxable","15":"shipping-taxable","16":"purchasable","17":"product-type-variable"},"acf":[],"_links":{"self":[{"href":"https:\/\/gajos.sk\/eshop\/wp-json\/wp\/v2\/product\/351939","targetHints":{"allow":["GET"]}}],"collection":[{"href":"https:\/\/gajos.sk\/eshop\/wp-json\/wp\/v2\/product"}],"about":[{"href":"https:\/\/gajos.sk\/eshop\/wp-json\/wp\/v2\/types\/product"}],"wp:featuredmedia":[{"embeddable":true,"href":"https:\/\/gajos.sk\/eshop\/wp-json\/wp\/v2\/media\/351941"}],"wp:attachment":[{"href":"https:\/\/gajos.sk\/eshop\/wp-json\/wp\/v2\/media?parent=351939"}],"wp:term":[{"taxonomy":"product_brand","embeddable":true,"href":"https:\/\/gajos.sk\/eshop\/wp-json\/wp\/v2\/product_brand?post=351939"},{"taxonomy":"product_cat","embeddable":true,"href":"https:\/\/gajos.sk\/eshop\/wp-json\/wp\/v2\/product_cat?post=351939"},{"taxonomy":"product_tag","embeddable":true,"href":"https:\/\/gajos.sk\/eshop\/wp-json\/wp\/v2\/product_tag?post=351939"}],"curies":[{"name":"wp","href":"https:\/\/api.w.org\/{rel}","templated":true}]}}