{"id":351931,"date":"2024-03-01T23:13:47","date_gmt":"2024-03-01T22:13:47","guid":{"rendered":"https:\/\/gajostest.a2hosted.com\/eshop\/respira-compact-polomaska\/"},"modified":"2026-05-07T21:54:29","modified_gmt":"2026-05-07T19:54:29","slug":"respira-compact-polomaska","status":"publish","type":"product","link":"https:\/\/gajos.sk\/eshop\/p\/respira-compact-polomaska\/","title":{"rendered":"RESPIRA COMPACT polomaska"},"content":{"rendered":"","protected":false},"excerpt":{"rendered":"<p>Polomaska \u200b\u200bs v\u00fdmenn\u00fdmi filtrami.<br \/>\nV kombin\u00e1cii s filtrom Respira Perfection \u010dasticov\u00fd z\u00e1chyt aj viac ako 99,99%.<br \/>\nTento produkt neobsahuje \u017eiadne zlo\u017eky pr\u00edrodn\u00e9ho kau\u010dukov\u00e9ho latexu.<br \/>\nPolomaska \u200b\u200bRespira Compact s P3 filtrom bola testovan\u00e1 vo vojenskom Centre biologickej ochrany Techon\u00edn proti obzvl\u00e1\u0161\u0165 nebezpe\u010dn\u00fdm chorob\u00e1m klasifikovan\u00fdm ako \u00farove\u0148 biologickej bezpe\u010dnosti 3 (BSL 3), ako je k\u00f3rejsk\u00e1 hemoragick\u00e1 hor\u00fa\u010dka, t\u00fdfus, HIV, tuberkul\u00f3za a antrax a BSL 4 choroby, ako s\u00fa SARS , hor\u00fa\u010dka Lassa, kiahne a ebola.<br \/>\nBalenie obsahuje iba polomasku.<\/p>\n","protected":false},"featured_media":351933,"template":"","meta":{"_acf_changed":false,"inline_featured_image":false},"product_brand":[],"product_cat":[2146,2539,2128],"product_tag":[1179],"class_list":{"0":"post-351931","1":"product","2":"type-product","3":"status-publish","4":"has-post-thumbnail","6":"product_cat-ochrana-dychacich-ciest","7":"product_cat-polotvarove-masky-a-celotvarove-masky","8":"product_cat-ochranne-pomocky","9":"product_tag-cerva","10":"pa_velkost-m-l","12":"first","13":"instock","14":"taxable","15":"shipping-taxable","16":"purchasable","17":"product-type-variable"},"acf":[],"_links":{"self":[{"href":"https:\/\/gajos.sk\/eshop\/wp-json\/wp\/v2\/product\/351931","targetHints":{"allow":["GET"]}}],"collection":[{"href":"https:\/\/gajos.sk\/eshop\/wp-json\/wp\/v2\/product"}],"about":[{"href":"https:\/\/gajos.sk\/eshop\/wp-json\/wp\/v2\/types\/product"}],"wp:featuredmedia":[{"embeddable":true,"href":"https:\/\/gajos.sk\/eshop\/wp-json\/wp\/v2\/media\/351933"}],"wp:attachment":[{"href":"https:\/\/gajos.sk\/eshop\/wp-json\/wp\/v2\/media?parent=351931"}],"wp:term":[{"taxonomy":"product_brand","embeddable":true,"href":"https:\/\/gajos.sk\/eshop\/wp-json\/wp\/v2\/product_brand?post=351931"},{"taxonomy":"product_cat","embeddable":true,"href":"https:\/\/gajos.sk\/eshop\/wp-json\/wp\/v2\/product_cat?post=351931"},{"taxonomy":"product_tag","embeddable":true,"href":"https:\/\/gajos.sk\/eshop\/wp-json\/wp\/v2\/product_tag?post=351931"}],"curies":[{"name":"wp","href":"https:\/\/api.w.org\/{rel}","templated":true}]}}