{"id":351913,"date":"2024-03-01T23:13:37","date_gmt":"2024-03-01T22:13:37","guid":{"rendered":"https:\/\/gajostest.a2hosted.com\/eshop\/3m-4255-polomaska-ffa2p3rd\/"},"modified":"2026-04-19T07:12:56","modified_gmt":"2026-04-19T05:12:56","slug":"3m-4255-polomaska-ffa2p3rd","status":"publish","type":"product","link":"https:\/\/gajos.sk\/eshop\/p\/3m-4255-polomaska-ffa2p3rd\/","title":{"rendered":"3M 4255+ polomaska FFA2P3RD"},"content":{"rendered":"","protected":false},"excerpt":{"rendered":"<p>Maska disponuje novou vylep\u0161enou zostavou v\u00fddychov\u00e9ho ventilu, ktor\u00e1 zni\u017euje d\u00fdchac\u00ed odpor o viac ako 40%* v porovnan\u00ed s predch\u00e1dzaj\u00facim radom 4000.<\/p>\n","protected":false},"featured_media":351915,"template":"","meta":{"_acf_changed":false,"inline_featured_image":false},"product_brand":[],"product_cat":[2146,2539,2128],"product_tag":[1275],"class_list":{"0":"post-351913","1":"product","2":"type-product","3":"status-publish","4":"has-post-thumbnail","6":"product_cat-ochrana-dychacich-ciest","7":"product_cat-polotvarove-masky-a-celotvarove-masky","8":"product_cat-ochranne-pomocky","9":"product_tag-3m","10":"pa_velkost-uni","12":"first","13":"instock","14":"taxable","15":"shipping-taxable","16":"purchasable","17":"product-type-variable"},"acf":[],"_links":{"self":[{"href":"https:\/\/gajos.sk\/eshop\/wp-json\/wp\/v2\/product\/351913","targetHints":{"allow":["GET"]}}],"collection":[{"href":"https:\/\/gajos.sk\/eshop\/wp-json\/wp\/v2\/product"}],"about":[{"href":"https:\/\/gajos.sk\/eshop\/wp-json\/wp\/v2\/types\/product"}],"wp:featuredmedia":[{"embeddable":true,"href":"https:\/\/gajos.sk\/eshop\/wp-json\/wp\/v2\/media\/351915"}],"wp:attachment":[{"href":"https:\/\/gajos.sk\/eshop\/wp-json\/wp\/v2\/media?parent=351913"}],"wp:term":[{"taxonomy":"product_brand","embeddable":true,"href":"https:\/\/gajos.sk\/eshop\/wp-json\/wp\/v2\/product_brand?post=351913"},{"taxonomy":"product_cat","embeddable":true,"href":"https:\/\/gajos.sk\/eshop\/wp-json\/wp\/v2\/product_cat?post=351913"},{"taxonomy":"product_tag","embeddable":true,"href":"https:\/\/gajos.sk\/eshop\/wp-json\/wp\/v2\/product_tag?post=351913"}],"curies":[{"name":"wp","href":"https:\/\/api.w.org\/{rel}","templated":true}]}}