{"id":351866,"date":"2024-03-01T23:13:04","date_gmt":"2024-03-01T22:13:04","guid":{"rendered":"https:\/\/gajostest.a2hosted.com\/eshop\/jsp-force-8-polomaska-m\/"},"modified":"2026-04-20T00:56:39","modified_gmt":"2026-04-19T22:56:39","slug":"jsp-force-8-polomaska-m","status":"publish","type":"product","link":"https:\/\/gajos.sk\/eshop\/p\/jsp-force-8-polomaska-m\/","title":{"rendered":"JSP Force 8 polomaska M"},"content":{"rendered":"","protected":false},"excerpt":{"rendered":"<p>Polomaska s dvomi filtrami, ventilom typu Typhoon s minim\u00e1lnym odporom a \u0161tvorbodov\u00fdm postrojom s r\u00fdchloup\u00ednac\u00edmi prackami. Maska je vyroben\u00e1 z odolnej termoplastickej gumy, ktor\u00e1 sa \u013eahko prisp\u00f4sob\u00ed v\u00e4\u010d\u0161ine tv\u00e1r\u00ed. K maske Force8 mo\u017eno prida\u0165 cel\u00fa \u0161k\u00e1lu \u00fazkoprofilov\u00fdch filtrov, \u010do umo\u017e\u0148uje flexibiln\u00e9 vyu\u017eitie masky pri mnoh\u00fdch \u010dinnostiach a poskytuje ochranu proti pevn\u00fdm \u010dasticiam a aj proti r\u00f4znym druhom plynov a v\u00fdparov.<\/p>\n","protected":false},"featured_media":351868,"template":"","meta":{"_acf_changed":false,"inline_featured_image":false},"product_brand":[],"product_cat":[2146,2539,2128],"product_tag":[1209],"class_list":{"0":"post-351866","1":"product","2":"type-product","3":"status-publish","4":"has-post-thumbnail","6":"product_cat-ochrana-dychacich-ciest","7":"product_cat-polotvarove-masky-a-celotvarove-masky","8":"product_cat-ochranne-pomocky","9":"product_tag-jsp","10":"pa_velkost-m","12":"first","13":"instock","14":"taxable","15":"shipping-taxable","16":"purchasable","17":"product-type-variable"},"acf":[],"_links":{"self":[{"href":"https:\/\/gajos.sk\/eshop\/wp-json\/wp\/v2\/product\/351866","targetHints":{"allow":["GET"]}}],"collection":[{"href":"https:\/\/gajos.sk\/eshop\/wp-json\/wp\/v2\/product"}],"about":[{"href":"https:\/\/gajos.sk\/eshop\/wp-json\/wp\/v2\/types\/product"}],"wp:featuredmedia":[{"embeddable":true,"href":"https:\/\/gajos.sk\/eshop\/wp-json\/wp\/v2\/media\/351868"}],"wp:attachment":[{"href":"https:\/\/gajos.sk\/eshop\/wp-json\/wp\/v2\/media?parent=351866"}],"wp:term":[{"taxonomy":"product_brand","embeddable":true,"href":"https:\/\/gajos.sk\/eshop\/wp-json\/wp\/v2\/product_brand?post=351866"},{"taxonomy":"product_cat","embeddable":true,"href":"https:\/\/gajos.sk\/eshop\/wp-json\/wp\/v2\/product_cat?post=351866"},{"taxonomy":"product_tag","embeddable":true,"href":"https:\/\/gajos.sk\/eshop\/wp-json\/wp\/v2\/product_tag?post=351866"}],"curies":[{"name":"wp","href":"https:\/\/api.w.org\/{rel}","templated":true}]}}