{"id":351816,"date":"2024-03-01T23:11:31","date_gmt":"2024-03-01T22:11:31","guid":{"rendered":"https:\/\/gajostest.a2hosted.com\/eshop\/respair-x-respir-ffp3-bez-vent-20-box\/"},"modified":"2026-04-11T17:51:45","modified_gmt":"2026-04-11T15:51:45","slug":"respair-x-respir-ffp3-bez-vent-20-box","status":"publish","type":"product","link":"https:\/\/gajos.sk\/eshop\/p\/respair-x-respir-ffp3-bez-vent-20-box\/","title":{"rendered":"RESPAIR X respir. FFP3 bez vent. 20\/BOX"},"content":{"rendered":"","protected":false},"excerpt":{"rendered":"<p>FFP3 respir\u00e1tor bez v\u00fddychov\u00e9ho ventilu chr\u00e1niaci pred ve\u013emi jemn\u00fdmi \u010dasticami a aeros\u00f3lom, vr\u00e1tane ve\u013emi jemn\u00e9ho prachu, v\u00fdparov, vl\u00e1kien a hmly. V\u00e1ha 12,5 gramu. V\u010faka nastavite\u013en\u00fdm hlavov\u00fdm popruhom tesn\u00ed pre r\u00f4zne tvary tv\u00e1r\u00ed. Ka\u017ed\u00fd respir\u00e1tor je balen\u00fd samostatne. Vyroben\u00e9 v UK.<\/p>\n","protected":false},"featured_media":351818,"template":"","meta":{"_acf_changed":false,"inline_featured_image":false},"product_brand":[],"product_cat":[2146,2147,2148,2128],"product_tag":[1209],"class_list":{"0":"post-351816","1":"product","2":"type-product","3":"status-publish","4":"has-post-thumbnail","6":"product_cat-ochrana-dychacich-ciest","7":"product_cat-respiratory","8":"product_cat-ffp2","9":"product_cat-ochranne-pomocky","10":"product_tag-jsp","11":"pa_velkost-uni","13":"first","14":"instock","15":"taxable","16":"shipping-taxable","17":"purchasable","18":"product-type-variable"},"acf":[],"_links":{"self":[{"href":"https:\/\/gajos.sk\/eshop\/wp-json\/wp\/v2\/product\/351816","targetHints":{"allow":["GET"]}}],"collection":[{"href":"https:\/\/gajos.sk\/eshop\/wp-json\/wp\/v2\/product"}],"about":[{"href":"https:\/\/gajos.sk\/eshop\/wp-json\/wp\/v2\/types\/product"}],"wp:featuredmedia":[{"embeddable":true,"href":"https:\/\/gajos.sk\/eshop\/wp-json\/wp\/v2\/media\/351818"}],"wp:attachment":[{"href":"https:\/\/gajos.sk\/eshop\/wp-json\/wp\/v2\/media?parent=351816"}],"wp:term":[{"taxonomy":"product_brand","embeddable":true,"href":"https:\/\/gajos.sk\/eshop\/wp-json\/wp\/v2\/product_brand?post=351816"},{"taxonomy":"product_cat","embeddable":true,"href":"https:\/\/gajos.sk\/eshop\/wp-json\/wp\/v2\/product_cat?post=351816"},{"taxonomy":"product_tag","embeddable":true,"href":"https:\/\/gajos.sk\/eshop\/wp-json\/wp\/v2\/product_tag?post=351816"}],"curies":[{"name":"wp","href":"https:\/\/api.w.org\/{rel}","templated":true}]}}