{"id":351782,"date":"2024-03-01T23:11:12","date_gmt":"2024-03-01T22:11:12","guid":{"rendered":"https:\/\/gajostest.a2hosted.com\/eshop\/respiraptor-ffp2-25ks-respirator\/"},"modified":"2026-05-07T21:54:29","modified_gmt":"2026-05-07T19:54:29","slug":"respiraptor-ffp2-25ks-respirator","status":"publish","type":"product","link":"https:\/\/gajos.sk\/eshop\/p\/respiraptor-ffp2-25ks-respirator\/","title":{"rendered":"RespiRaptor FFP2 25ks respir\u00e1tor"},"content":{"rendered":"","protected":false},"excerpt":{"rendered":"<p>FFP2 NR RespiRaptor sa m\u00f4\u017ee pochv\u00e1li\u0165 filtrom z nanovl\u00e1kien, ktor\u00fd m\u00e1 nieko\u013eko mili\u00f3nov p\u00f3rov na jednom \u0161tvorcovom cm. Zabra\u0148uje vniknutiu v\u00edrusov, bakt\u00e9ri\u00ed, smogu a prachu do d\u00fdchac\u00edch ciest.<br \/>\nRespiRaptor je respir\u00e1tor, ktor\u00fd je schopn\u00fd blokova\u0165 \u0161kodliv\u00e9 l\u00e1tky pou\u017eit\u00edm vysoko efekt\u00edvneho nanofiltra\u010dn\u00e9ho materi\u00e1lu.<br \/>\nVynikaj\u00faca priedu\u0161nos\u0165 &#8211; napriek vysokej hustote nanovl\u00e1kna je membr\u00e1na priepustn\u00e1 pre vzduch a vodu, \u010do zvy\u0161uje komfrot a umo\u017e\u0148uje \u013eahk\u00e9 d\u00fdchanie.<br \/>\nJednoduch\u00e9 a pohodln\u00e9 rozpr\u00e1vanie.<br \/>\nPre lep\u0161ie prisp\u00f4sobenie vyu\u017eite plastov\u00fa sponu na zopnutie gumi\u010diek za hlavou, ktor\u00e1 je s\u00fa\u010das\u0165ou balenia.<br \/>\nDostupn\u00e9 vo ve\u013ekosti M\/L a dvoch baleniach (3 kusy a 25 kusov).<\/p>\n","protected":false},"featured_media":351784,"template":"","meta":{"_acf_changed":false,"inline_featured_image":false},"product_brand":[],"product_cat":[2146,2147,2148,2128],"product_tag":[1179],"class_list":{"0":"post-351782","1":"product","2":"type-product","3":"status-publish","4":"has-post-thumbnail","6":"product_cat-ochrana-dychacich-ciest","7":"product_cat-respiratory","8":"product_cat-ffp2","9":"product_cat-ochranne-pomocky","10":"product_tag-cerva","11":"pa_velkost-m-l","13":"first","14":"instock","15":"taxable","16":"shipping-taxable","17":"purchasable","18":"product-type-variable"},"acf":[],"_links":{"self":[{"href":"https:\/\/gajos.sk\/eshop\/wp-json\/wp\/v2\/product\/351782","targetHints":{"allow":["GET"]}}],"collection":[{"href":"https:\/\/gajos.sk\/eshop\/wp-json\/wp\/v2\/product"}],"about":[{"href":"https:\/\/gajos.sk\/eshop\/wp-json\/wp\/v2\/types\/product"}],"wp:featuredmedia":[{"embeddable":true,"href":"https:\/\/gajos.sk\/eshop\/wp-json\/wp\/v2\/media\/351784"}],"wp:attachment":[{"href":"https:\/\/gajos.sk\/eshop\/wp-json\/wp\/v2\/media?parent=351782"}],"wp:term":[{"taxonomy":"product_brand","embeddable":true,"href":"https:\/\/gajos.sk\/eshop\/wp-json\/wp\/v2\/product_brand?post=351782"},{"taxonomy":"product_cat","embeddable":true,"href":"https:\/\/gajos.sk\/eshop\/wp-json\/wp\/v2\/product_cat?post=351782"},{"taxonomy":"product_tag","embeddable":true,"href":"https:\/\/gajos.sk\/eshop\/wp-json\/wp\/v2\/product_tag?post=351782"}],"curies":[{"name":"wp","href":"https:\/\/api.w.org\/{rel}","templated":true}]}}