{"id":351773,"date":"2024-03-01T23:11:04","date_gmt":"2024-03-01T22:11:04","guid":{"rendered":"https:\/\/gajostest.a2hosted.com\/eshop\/jsp-respir-ffp2-f621-bez-vent-40-box\/"},"modified":"2026-04-11T17:51:45","modified_gmt":"2026-04-11T15:51:45","slug":"jsp-respir-ffp2-f621-bez-vent-40-box","status":"publish","type":"product","link":"https:\/\/gajos.sk\/eshop\/p\/jsp-respir-ffp2-f621-bez-vent-40-box\/","title":{"rendered":"JSP respir. FFP2 (F621) bez vent. 40\/BOX"},"content":{"rendered":"","protected":false},"excerpt":{"rendered":"<p>Vertik\u00e1lne skladan\u00fd FFP2 respir\u00e1tor s penov\u00fdm polstrovan\u00fdm nosn\u00fdm klipom. Balenie obsahuje 40 kusov a ka\u017ed\u00fd respir\u00e1tor je balen\u00fd samostatne.<\/p>\n","protected":false},"featured_media":351775,"template":"","meta":{"_acf_changed":false,"inline_featured_image":false},"product_brand":[],"product_cat":[2146,2147,2148,2128],"product_tag":[1209],"class_list":{"0":"post-351773","1":"product","2":"type-product","3":"status-publish","4":"has-post-thumbnail","6":"product_cat-ochrana-dychacich-ciest","7":"product_cat-respiratory","8":"product_cat-ffp2","9":"product_cat-ochranne-pomocky","10":"product_tag-jsp","11":"pa_velkost-uni","13":"first","14":"instock","15":"taxable","16":"shipping-taxable","17":"purchasable","18":"product-type-variable"},"acf":[],"_links":{"self":[{"href":"https:\/\/gajos.sk\/eshop\/wp-json\/wp\/v2\/product\/351773","targetHints":{"allow":["GET"]}}],"collection":[{"href":"https:\/\/gajos.sk\/eshop\/wp-json\/wp\/v2\/product"}],"about":[{"href":"https:\/\/gajos.sk\/eshop\/wp-json\/wp\/v2\/types\/product"}],"wp:featuredmedia":[{"embeddable":true,"href":"https:\/\/gajos.sk\/eshop\/wp-json\/wp\/v2\/media\/351775"}],"wp:attachment":[{"href":"https:\/\/gajos.sk\/eshop\/wp-json\/wp\/v2\/media?parent=351773"}],"wp:term":[{"taxonomy":"product_brand","embeddable":true,"href":"https:\/\/gajos.sk\/eshop\/wp-json\/wp\/v2\/product_brand?post=351773"},{"taxonomy":"product_cat","embeddable":true,"href":"https:\/\/gajos.sk\/eshop\/wp-json\/wp\/v2\/product_cat?post=351773"},{"taxonomy":"product_tag","embeddable":true,"href":"https:\/\/gajos.sk\/eshop\/wp-json\/wp\/v2\/product_tag?post=351773"}],"curies":[{"name":"wp","href":"https:\/\/api.w.org\/{rel}","templated":true}]}}