{"id":351767,"date":"2024-03-01T23:11:04","date_gmt":"2024-03-01T22:11:04","guid":{"rendered":"https:\/\/gajostest.a2hosted.com\/eshop\/jsp-532-respirator-ffp3-s-vent-box-5ks\/"},"modified":"2026-04-11T17:51:45","modified_gmt":"2026-04-11T15:51:45","slug":"jsp-532-respirator-ffp3-s-vent-box-5ks","status":"publish","type":"product","link":"https:\/\/gajos.sk\/eshop\/p\/jsp-532-respirator-ffp3-s-vent-box-5ks\/","title":{"rendered":"JSP 532 respir\u00e1tor FFP3 s vent. box 5ks"},"content":{"rendered":"","protected":false},"excerpt":{"rendered":"<p>FFP3 respir\u00e1tor s 360 \u00b0 komfortnou penou a v\u00fddychov\u00fdm ventilom pre n\u00edzky d\u00fdchac\u00ed odpor. Nastavite\u013en\u00fd \u0161tvorbodov\u00fd popruh na hlavu umo\u017e\u0148uje pohodln\u00e9 nasadenie na v\u0161etky ve\u013ekosti a tvary hlavy. Balenie obsahuje 5 ks.<\/p>\n","protected":false},"featured_media":351769,"template":"","meta":{"_acf_changed":false,"inline_featured_image":false},"product_brand":[],"product_cat":[2146,2147,2148,2128],"product_tag":[1209],"class_list":{"0":"post-351767","1":"product","2":"type-product","3":"status-publish","4":"has-post-thumbnail","6":"product_cat-ochrana-dychacich-ciest","7":"product_cat-respiratory","8":"product_cat-ffp2","9":"product_cat-ochranne-pomocky","10":"product_tag-jsp","11":"pa_velkost-uni","13":"first","14":"instock","15":"taxable","16":"shipping-taxable","17":"purchasable","18":"product-type-variable"},"acf":[],"_links":{"self":[{"href":"https:\/\/gajos.sk\/eshop\/wp-json\/wp\/v2\/product\/351767","targetHints":{"allow":["GET"]}}],"collection":[{"href":"https:\/\/gajos.sk\/eshop\/wp-json\/wp\/v2\/product"}],"about":[{"href":"https:\/\/gajos.sk\/eshop\/wp-json\/wp\/v2\/types\/product"}],"wp:featuredmedia":[{"embeddable":true,"href":"https:\/\/gajos.sk\/eshop\/wp-json\/wp\/v2\/media\/351769"}],"wp:attachment":[{"href":"https:\/\/gajos.sk\/eshop\/wp-json\/wp\/v2\/media?parent=351767"}],"wp:term":[{"taxonomy":"product_brand","embeddable":true,"href":"https:\/\/gajos.sk\/eshop\/wp-json\/wp\/v2\/product_brand?post=351767"},{"taxonomy":"product_cat","embeddable":true,"href":"https:\/\/gajos.sk\/eshop\/wp-json\/wp\/v2\/product_cat?post=351767"},{"taxonomy":"product_tag","embeddable":true,"href":"https:\/\/gajos.sk\/eshop\/wp-json\/wp\/v2\/product_tag?post=351767"}],"curies":[{"name":"wp","href":"https:\/\/api.w.org\/{rel}","templated":true}]}}