{"id":351764,"date":"2024-03-01T23:09:57","date_gmt":"2024-03-01T22:09:57","guid":{"rendered":"https:\/\/gajostest.a2hosted.com\/eshop\/olympus-respirator-ffp1-s-vent-box-10\/"},"modified":"2026-04-20T00:56:39","modified_gmt":"2026-04-19T22:56:39","slug":"olympus-respirator-ffp1-s-vent-box-10","status":"publish","type":"product","link":"https:\/\/gajos.sk\/eshop\/p\/olympus-respirator-ffp1-s-vent-box-10\/","title":{"rendered":"Olympus respir\u00e1tor FFP1 s vent. box 10"},"content":{"rendered":"","protected":false},"excerpt":{"rendered":"<p>skl\u00e1dac\u00ed, jednor\u00e1zov\u00e9 pou\u017eit\u00ed, s v\u00fddechov\u00fdm ventilem, norma EN 149, t\u0159\u00edda FFP1, barva b\u00edl\u00e1, velikost univerz\u00e1ln\u00ed, hmotnost 0,09 kg, 10 ks\/bal.<\/p>\n","protected":false},"featured_media":351766,"template":"","meta":{"_acf_changed":false,"inline_featured_image":false},"product_brand":[],"product_cat":[2146,2147,2148,2128],"product_tag":[1209],"class_list":{"0":"post-351764","1":"product","2":"type-product","3":"status-publish","4":"has-post-thumbnail","6":"product_cat-ochrana-dychacich-ciest","7":"product_cat-respiratory","8":"product_cat-ffp2","9":"product_cat-ochranne-pomocky","10":"product_tag-jsp","11":"pa_velkost-uni","13":"first","14":"instock","15":"taxable","16":"shipping-taxable","17":"purchasable","18":"product-type-variable"},"acf":[],"_links":{"self":[{"href":"https:\/\/gajos.sk\/eshop\/wp-json\/wp\/v2\/product\/351764","targetHints":{"allow":["GET"]}}],"collection":[{"href":"https:\/\/gajos.sk\/eshop\/wp-json\/wp\/v2\/product"}],"about":[{"href":"https:\/\/gajos.sk\/eshop\/wp-json\/wp\/v2\/types\/product"}],"wp:featuredmedia":[{"embeddable":true,"href":"https:\/\/gajos.sk\/eshop\/wp-json\/wp\/v2\/media\/351766"}],"wp:attachment":[{"href":"https:\/\/gajos.sk\/eshop\/wp-json\/wp\/v2\/media?parent=351764"}],"wp:term":[{"taxonomy":"product_brand","embeddable":true,"href":"https:\/\/gajos.sk\/eshop\/wp-json\/wp\/v2\/product_brand?post=351764"},{"taxonomy":"product_cat","embeddable":true,"href":"https:\/\/gajos.sk\/eshop\/wp-json\/wp\/v2\/product_cat?post=351764"},{"taxonomy":"product_tag","embeddable":true,"href":"https:\/\/gajos.sk\/eshop\/wp-json\/wp\/v2\/product_tag?post=351764"}],"curies":[{"name":"wp","href":"https:\/\/api.w.org\/{rel}","templated":true}]}}