{"id":351749,"date":"2024-03-01T23:09:47","date_gmt":"2024-03-01T22:09:47","guid":{"rendered":"https:\/\/gajostest.a2hosted.com\/eshop\/refil-751-sklad-resp-s-ventilkem-ffp3\/"},"modified":"2026-04-29T22:06:12","modified_gmt":"2026-04-29T20:06:12","slug":"refil-751-sklad-resp-s-ventilkem-ffp3","status":"publish","type":"product","link":"https:\/\/gajos.sk\/eshop\/p\/refil-751-sklad-resp-s-ventilkem-ffp3\/","title":{"rendered":"REFIL 751 Skl\u00e1d. Resp.s ventilkem FFP3"},"content":{"rendered":"","protected":false},"excerpt":{"rendered":"<p>Vysoko komfortn\u00e1 skladacia filtra\u010dn\u00e1 polomaska \u200b\u200bs v\u00fddychov\u00fdm ventilom chr\u00e1ni proti jemn\u00fdm pevn\u00fdm \u010dasticiam vodn\u00fdm a kvapaln\u00fdm aeros\u00f3lom, pou\u017e\u00edva sa aj na ochranu proti v\u00edrusom, chr\u00edpke a bakt\u00e9ri\u00e1m.<\/p>\n","protected":false},"featured_media":351751,"template":"","meta":{"_acf_changed":false,"inline_featured_image":false},"product_brand":[],"product_cat":[2146,2147,2148,2128],"product_tag":[1370],"class_list":{"0":"post-351749","1":"product","2":"type-product","3":"status-publish","4":"has-post-thumbnail","6":"product_cat-ochrana-dychacich-ciest","7":"product_cat-respiratory","8":"product_cat-ffp2","9":"product_cat-ochranne-pomocky","10":"product_tag-refil","11":"pa_velkost-uni","13":"first","14":"instock","15":"taxable","16":"shipping-taxable","17":"purchasable","18":"product-type-variable"},"acf":[],"_links":{"self":[{"href":"https:\/\/gajos.sk\/eshop\/wp-json\/wp\/v2\/product\/351749","targetHints":{"allow":["GET"]}}],"collection":[{"href":"https:\/\/gajos.sk\/eshop\/wp-json\/wp\/v2\/product"}],"about":[{"href":"https:\/\/gajos.sk\/eshop\/wp-json\/wp\/v2\/types\/product"}],"wp:featuredmedia":[{"embeddable":true,"href":"https:\/\/gajos.sk\/eshop\/wp-json\/wp\/v2\/media\/351751"}],"wp:attachment":[{"href":"https:\/\/gajos.sk\/eshop\/wp-json\/wp\/v2\/media?parent=351749"}],"wp:term":[{"taxonomy":"product_brand","embeddable":true,"href":"https:\/\/gajos.sk\/eshop\/wp-json\/wp\/v2\/product_brand?post=351749"},{"taxonomy":"product_cat","embeddable":true,"href":"https:\/\/gajos.sk\/eshop\/wp-json\/wp\/v2\/product_cat?post=351749"},{"taxonomy":"product_tag","embeddable":true,"href":"https:\/\/gajos.sk\/eshop\/wp-json\/wp\/v2\/product_tag?post=351749"}],"curies":[{"name":"wp","href":"https:\/\/api.w.org\/{rel}","templated":true}]}}