{"id":351731,"date":"2024-03-01T23:09:39","date_gmt":"2024-03-01T22:09:39","guid":{"rendered":"https:\/\/gajostest.a2hosted.com\/eshop\/3m-9322-gen3-aura-resp-ffp2-vent\/"},"modified":"2026-04-19T07:12:55","modified_gmt":"2026-04-19T05:12:55","slug":"3m-9322-gen3-aura-resp-ffp2-vent","status":"publish","type":"product","link":"https:\/\/gajos.sk\/eshop\/p\/3m-9322-gen3-aura-resp-ffp2-vent\/","title":{"rendered":"3M 9322+ GEN3 Aura Resp.FFP2 vent."},"content":{"rendered":"","protected":false},"excerpt":{"rendered":"<p>normy: EN 149: 2001 + A1 2009; filtra\u010dn\u00e1 trieda: FFP2; kon\u0161trukcia: skladacia; pou\u017eitie: jednorazov\u00e9; v\u00fddychov\u00fd ventil: \u00e1no; vrstva akt\u00edvneho uhlia: nie<\/p>\n","protected":false},"featured_media":351733,"template":"","meta":{"_acf_changed":false,"inline_featured_image":false},"product_brand":[],"product_cat":[2146,2147,2148,2128],"product_tag":[1275],"class_list":{"0":"post-351731","1":"product","2":"type-product","3":"status-publish","4":"has-post-thumbnail","6":"product_cat-ochrana-dychacich-ciest","7":"product_cat-respiratory","8":"product_cat-ffp2","9":"product_cat-ochranne-pomocky","10":"product_tag-3m","11":"pa_velkost-uni","13":"first","14":"instock","15":"taxable","16":"shipping-taxable","17":"purchasable","18":"product-type-variable"},"acf":[],"_links":{"self":[{"href":"https:\/\/gajos.sk\/eshop\/wp-json\/wp\/v2\/product\/351731","targetHints":{"allow":["GET"]}}],"collection":[{"href":"https:\/\/gajos.sk\/eshop\/wp-json\/wp\/v2\/product"}],"about":[{"href":"https:\/\/gajos.sk\/eshop\/wp-json\/wp\/v2\/types\/product"}],"wp:featuredmedia":[{"embeddable":true,"href":"https:\/\/gajos.sk\/eshop\/wp-json\/wp\/v2\/media\/351733"}],"wp:attachment":[{"href":"https:\/\/gajos.sk\/eshop\/wp-json\/wp\/v2\/media?parent=351731"}],"wp:term":[{"taxonomy":"product_brand","embeddable":true,"href":"https:\/\/gajos.sk\/eshop\/wp-json\/wp\/v2\/product_brand?post=351731"},{"taxonomy":"product_cat","embeddable":true,"href":"https:\/\/gajos.sk\/eshop\/wp-json\/wp\/v2\/product_cat?post=351731"},{"taxonomy":"product_tag","embeddable":true,"href":"https:\/\/gajos.sk\/eshop\/wp-json\/wp\/v2\/product_tag?post=351731"}],"curies":[{"name":"wp","href":"https:\/\/api.w.org\/{rel}","templated":true}]}}