{"id":351723,"date":"2024-03-01T23:09:39","date_gmt":"2024-03-01T22:09:39","guid":{"rendered":"https:\/\/gajostest.a2hosted.com\/eshop\/refil-1052-respir-p3-tvarovany-s-vent\/"},"modified":"2026-04-29T22:06:11","modified_gmt":"2026-04-29T20:06:11","slug":"refil-1052-respir-p3-tvarovany-s-vent","status":"publish","type":"product","link":"https:\/\/gajos.sk\/eshop\/p\/refil-1052-respir-p3-tvarovany-s-vent\/","title":{"rendered":"REFIL 1052 Respir. P3 tvarovan\u00fd s vent."},"content":{"rendered":"","protected":false},"excerpt":{"rendered":"<p>filtra\u010dn\u00e1 trieda: FFP3; kon\u0161trukcia: tvarovan\u00fd; pou\u017eitie: opakovan\u00e9 pou\u017eitie; v\u00fddychov\u00fd ventil: \u00e1no; vrstva akt\u00edvneho uhlia: nie<\/p>\n","protected":false},"featured_media":351725,"template":"","meta":{"_acf_changed":false,"inline_featured_image":false},"product_brand":[],"product_cat":[2146,2147,2148,2128],"product_tag":[1370],"class_list":{"0":"post-351723","1":"product","2":"type-product","3":"status-publish","4":"has-post-thumbnail","6":"product_cat-ochrana-dychacich-ciest","7":"product_cat-respiratory","8":"product_cat-ffp2","9":"product_cat-ochranne-pomocky","10":"product_tag-refil","12":"first","13":"instock","14":"taxable","15":"shipping-taxable","16":"purchasable","17":"product-type-variable"},"acf":[],"_links":{"self":[{"href":"https:\/\/gajos.sk\/eshop\/wp-json\/wp\/v2\/product\/351723","targetHints":{"allow":["GET"]}}],"collection":[{"href":"https:\/\/gajos.sk\/eshop\/wp-json\/wp\/v2\/product"}],"about":[{"href":"https:\/\/gajos.sk\/eshop\/wp-json\/wp\/v2\/types\/product"}],"wp:featuredmedia":[{"embeddable":true,"href":"https:\/\/gajos.sk\/eshop\/wp-json\/wp\/v2\/media\/351725"}],"wp:attachment":[{"href":"https:\/\/gajos.sk\/eshop\/wp-json\/wp\/v2\/media?parent=351723"}],"wp:term":[{"taxonomy":"product_brand","embeddable":true,"href":"https:\/\/gajos.sk\/eshop\/wp-json\/wp\/v2\/product_brand?post=351723"},{"taxonomy":"product_cat","embeddable":true,"href":"https:\/\/gajos.sk\/eshop\/wp-json\/wp\/v2\/product_cat?post=351723"},{"taxonomy":"product_tag","embeddable":true,"href":"https:\/\/gajos.sk\/eshop\/wp-json\/wp\/v2\/product_tag?post=351723"}],"curies":[{"name":"wp","href":"https:\/\/api.w.org\/{rel}","templated":true}]}}