{"id":351714,"date":"2024-03-01T23:09:30","date_gmt":"2024-03-01T22:09:30","guid":{"rendered":"https:\/\/gajostest.a2hosted.com\/eshop\/refil-1031-respir-p2-tvarovany-s-vent\/"},"modified":"2026-05-07T21:54:29","modified_gmt":"2026-05-07T19:54:29","slug":"refil-1031-respir-p2-tvarovany-s-vent","status":"publish","type":"product","link":"https:\/\/gajos.sk\/eshop\/p\/refil-1031-respir-p2-tvarovany-s-vent\/","title":{"rendered":"REFIL 1031 Respir. P2 tvarovan\u00fd s vent."},"content":{"rendered":"","protected":false},"excerpt":{"rendered":"<p>filtra\u010dn\u00e1 trieda: FFP2; kon\u0161trukcia: tvarovan\u00fd; pou\u017eitie: jednor\u00e1zov\u00e9 pou\u017eitie; v\u00fddychov\u00fd ventil: \u00e1no; vrstva akt\u00edvneho uhlia: nie<\/p>\n","protected":false},"featured_media":351716,"template":"","meta":{"_acf_changed":false,"inline_featured_image":false},"product_brand":[],"product_cat":[2146,2147,2148,2128],"product_tag":[1370],"class_list":{"0":"post-351714","1":"product","2":"type-product","3":"status-publish","4":"has-post-thumbnail","6":"product_cat-ochrana-dychacich-ciest","7":"product_cat-respiratory","8":"product_cat-ffp2","9":"product_cat-ochranne-pomocky","10":"product_tag-refil","12":"first","13":"instock","14":"taxable","15":"shipping-taxable","16":"purchasable","17":"product-type-variable"},"acf":[],"_links":{"self":[{"href":"https:\/\/gajos.sk\/eshop\/wp-json\/wp\/v2\/product\/351714","targetHints":{"allow":["GET"]}}],"collection":[{"href":"https:\/\/gajos.sk\/eshop\/wp-json\/wp\/v2\/product"}],"about":[{"href":"https:\/\/gajos.sk\/eshop\/wp-json\/wp\/v2\/types\/product"}],"wp:featuredmedia":[{"embeddable":true,"href":"https:\/\/gajos.sk\/eshop\/wp-json\/wp\/v2\/media\/351716"}],"wp:attachment":[{"href":"https:\/\/gajos.sk\/eshop\/wp-json\/wp\/v2\/media?parent=351714"}],"wp:term":[{"taxonomy":"product_brand","embeddable":true,"href":"https:\/\/gajos.sk\/eshop\/wp-json\/wp\/v2\/product_brand?post=351714"},{"taxonomy":"product_cat","embeddable":true,"href":"https:\/\/gajos.sk\/eshop\/wp-json\/wp\/v2\/product_cat?post=351714"},{"taxonomy":"product_tag","embeddable":true,"href":"https:\/\/gajos.sk\/eshop\/wp-json\/wp\/v2\/product_tag?post=351714"}],"curies":[{"name":"wp","href":"https:\/\/api.w.org\/{rel}","templated":true}]}}