{"id":351696,"date":"2024-03-01T23:09:21","date_gmt":"2024-03-01T22:09:21","guid":{"rendered":"https:\/\/gajostest.a2hosted.com\/eshop\/jsp-springfit-ffp3-431ml-resp-10-bal\/"},"modified":"2026-04-11T17:51:45","modified_gmt":"2026-04-11T15:51:45","slug":"jsp-springfit-ffp3-431ml-resp-10-bal","status":"publish","type":"product","link":"https:\/\/gajos.sk\/eshop\/p\/jsp-springfit-ffp3-431ml-resp-10-bal\/","title":{"rendered":"JSP SpringFit FFP3 431ML resp. 10\/BAL"},"content":{"rendered":"","protected":false},"excerpt":{"rendered":"<p>filtra\u010dn\u00e1 trieda: FFP3; kon\u0161trukcia: skladacie; pou\u017eitie: jednor\u00e1zov\u00e9 pou\u017eitie; v\u00fddychov\u00fd ventil: nie; vrstva akt\u00edvneho uhlia: nie<\/p>\n","protected":false},"featured_media":351698,"template":"","meta":{"_acf_changed":false,"inline_featured_image":false},"product_brand":[],"product_cat":[2146,2147,2148,2128],"product_tag":[1209],"class_list":{"0":"post-351696","1":"product","2":"type-product","3":"status-publish","4":"has-post-thumbnail","6":"product_cat-ochrana-dychacich-ciest","7":"product_cat-respiratory","8":"product_cat-ffp2","9":"product_cat-ochranne-pomocky","10":"product_tag-jsp","11":"pa_velkost-uni","13":"first","14":"instock","15":"taxable","16":"shipping-taxable","17":"purchasable","18":"product-type-variable"},"acf":[],"_links":{"self":[{"href":"https:\/\/gajos.sk\/eshop\/wp-json\/wp\/v2\/product\/351696","targetHints":{"allow":["GET"]}}],"collection":[{"href":"https:\/\/gajos.sk\/eshop\/wp-json\/wp\/v2\/product"}],"about":[{"href":"https:\/\/gajos.sk\/eshop\/wp-json\/wp\/v2\/types\/product"}],"wp:featuredmedia":[{"embeddable":true,"href":"https:\/\/gajos.sk\/eshop\/wp-json\/wp\/v2\/media\/351698"}],"wp:attachment":[{"href":"https:\/\/gajos.sk\/eshop\/wp-json\/wp\/v2\/media?parent=351696"}],"wp:term":[{"taxonomy":"product_brand","embeddable":true,"href":"https:\/\/gajos.sk\/eshop\/wp-json\/wp\/v2\/product_brand?post=351696"},{"taxonomy":"product_cat","embeddable":true,"href":"https:\/\/gajos.sk\/eshop\/wp-json\/wp\/v2\/product_cat?post=351696"},{"taxonomy":"product_tag","embeddable":true,"href":"https:\/\/gajos.sk\/eshop\/wp-json\/wp\/v2\/product_tag?post=351696"}],"curies":[{"name":"wp","href":"https:\/\/api.w.org\/{rel}","templated":true}]}}