{"id":351680,"date":"2024-03-01T23:09:13","date_gmt":"2024-03-01T22:09:13","guid":{"rendered":"https:\/\/gajostest.a2hosted.com\/eshop\/spirotek-vs2100v-resp-ffp1-s-vent-10-bal\/"},"modified":"2026-05-07T21:54:28","modified_gmt":"2026-05-07T19:54:28","slug":"spirotek-vs2100v-resp-ffp1-s-vent-10-bal","status":"publish","type":"product","link":"https:\/\/gajos.sk\/eshop\/p\/spirotek-vs2100v-resp-ffp1-s-vent-10-bal\/","title":{"rendered":"SPIROTEK VS2100V resp.FFP1 s vent.10\/BAL"},"content":{"rendered":"","protected":false},"excerpt":{"rendered":"<p>Respir\u00e1tor s v\u00fddychov\u00fdm ventilom, FFP1. Chr\u00e1ni pred pevn\u00fdmi \u010dasticami a aeros\u00f3lmi do koncentr\u00e1cie neprevy\u0161uj\u00facej 4x NPK\/PEL.<\/p>\n","protected":false},"featured_media":351682,"template":"","meta":{"_acf_changed":false,"inline_featured_image":false},"product_brand":[],"product_cat":[2146,2147,2148,2128],"product_tag":[2537],"class_list":{"0":"post-351680","1":"product","2":"type-product","3":"status-publish","4":"has-post-thumbnail","6":"product_cat-ochrana-dychacich-ciest","7":"product_cat-respiratory","8":"product_cat-ffp2","9":"product_cat-ochranne-pomocky","10":"product_tag-spirotek","11":"pa_velkost-uni","13":"first","14":"instock","15":"taxable","16":"shipping-taxable","17":"purchasable","18":"product-type-variable"},"acf":[],"_links":{"self":[{"href":"https:\/\/gajos.sk\/eshop\/wp-json\/wp\/v2\/product\/351680","targetHints":{"allow":["GET"]}}],"collection":[{"href":"https:\/\/gajos.sk\/eshop\/wp-json\/wp\/v2\/product"}],"about":[{"href":"https:\/\/gajos.sk\/eshop\/wp-json\/wp\/v2\/types\/product"}],"wp:featuredmedia":[{"embeddable":true,"href":"https:\/\/gajos.sk\/eshop\/wp-json\/wp\/v2\/media\/351682"}],"wp:attachment":[{"href":"https:\/\/gajos.sk\/eshop\/wp-json\/wp\/v2\/media?parent=351680"}],"wp:term":[{"taxonomy":"product_brand","embeddable":true,"href":"https:\/\/gajos.sk\/eshop\/wp-json\/wp\/v2\/product_brand?post=351680"},{"taxonomy":"product_cat","embeddable":true,"href":"https:\/\/gajos.sk\/eshop\/wp-json\/wp\/v2\/product_cat?post=351680"},{"taxonomy":"product_tag","embeddable":true,"href":"https:\/\/gajos.sk\/eshop\/wp-json\/wp\/v2\/product_tag?post=351680"}],"curies":[{"name":"wp","href":"https:\/\/api.w.org\/{rel}","templated":true}]}}