{"id":351677,"date":"2024-03-01T23:09:03","date_gmt":"2024-03-01T22:09:03","guid":{"rendered":"https:\/\/gajostest.a2hosted.com\/eshop\/3m-9925-resp-ffp2vent-na-zvaran-10-bal\/"},"modified":"2026-04-19T07:12:55","modified_gmt":"2026-04-19T05:12:55","slug":"3m-9925-resp-ffp2vent-na-zvaran-10-bal","status":"publish","type":"product","link":"https:\/\/gajos.sk\/eshop\/p\/3m-9925-resp-ffp2vent-na-zvaran-10-bal\/","title":{"rendered":"3M 9925 resp.FFP2,vent.,na zv\u00e1ran.10\/BAL"},"content":{"rendered":"","protected":false},"excerpt":{"rendered":"<p>Zv\u00e1ra\u010dsk\u00e1 filtra\u010dn\u00e1 polomaska \u200b\u200b3M\u2122 9925 proti zv\u00e1rac\u00edm plynom poskytuje \u013eahk\u00fa, \u00fa\u010dinn\u00fa, pohodln\u00fa a hygienick\u00fa ochranu d\u00fdchac\u00edch org\u00e1nov proti prachu, aeros\u00f3lu a kovov\u00fdm v\u00fdparom. Poskytuje ochranu pred oz\u00f3nom a v\u00fdparmi zo zv\u00e1rania a navy\u0161e \u00fa\u013eavu od ob\u0165a\u017euj\u00facich z\u00e1pachov. Zna\u010denie D u t\u00fdchto filtra\u010dn\u00fdch polomasiek zna\u010d\u00ed splnenie \u0161peci\u00e1lnych po\u017eiadaviek testu zanesenia dolomitov\u00fdm prachom pre filtra\u010dn\u00e9 polomasky (FFP), ktor\u00e9 m\u00f4\u017eu by\u0165 pou\u017eit\u00e9 aj dlh\u0161ie ako len jednu smenu.<\/p>\n","protected":false},"featured_media":351679,"template":"","meta":{"_acf_changed":false,"inline_featured_image":false},"product_brand":[],"product_cat":[2146,2147,2148,2128],"product_tag":[1275],"class_list":{"0":"post-351677","1":"product","2":"type-product","3":"status-publish","4":"has-post-thumbnail","6":"product_cat-ochrana-dychacich-ciest","7":"product_cat-respiratory","8":"product_cat-ffp2","9":"product_cat-ochranne-pomocky","10":"product_tag-3m","11":"pa_velkost-uni","13":"first","14":"instock","15":"taxable","16":"shipping-taxable","17":"purchasable","18":"product-type-variable"},"acf":[],"_links":{"self":[{"href":"https:\/\/gajos.sk\/eshop\/wp-json\/wp\/v2\/product\/351677","targetHints":{"allow":["GET"]}}],"collection":[{"href":"https:\/\/gajos.sk\/eshop\/wp-json\/wp\/v2\/product"}],"about":[{"href":"https:\/\/gajos.sk\/eshop\/wp-json\/wp\/v2\/types\/product"}],"wp:featuredmedia":[{"embeddable":true,"href":"https:\/\/gajos.sk\/eshop\/wp-json\/wp\/v2\/media\/351679"}],"wp:attachment":[{"href":"https:\/\/gajos.sk\/eshop\/wp-json\/wp\/v2\/media?parent=351677"}],"wp:term":[{"taxonomy":"product_brand","embeddable":true,"href":"https:\/\/gajos.sk\/eshop\/wp-json\/wp\/v2\/product_brand?post=351677"},{"taxonomy":"product_cat","embeddable":true,"href":"https:\/\/gajos.sk\/eshop\/wp-json\/wp\/v2\/product_cat?post=351677"},{"taxonomy":"product_tag","embeddable":true,"href":"https:\/\/gajos.sk\/eshop\/wp-json\/wp\/v2\/product_tag?post=351677"}],"curies":[{"name":"wp","href":"https:\/\/api.w.org\/{rel}","templated":true}]}}