{"id":351674,"date":"2024-03-01T23:09:03","date_gmt":"2024-03-01T22:09:03","guid":{"rendered":"https:\/\/gajostest.a2hosted.com\/eshop\/jsp-filterspec-resp-ffp2-ventu-okuliare\/"},"modified":"2026-05-07T21:54:28","modified_gmt":"2026-05-07T19:54:28","slug":"jsp-filterspec-resp-ffp2-ventu-okuliare","status":"publish","type":"product","link":"https:\/\/gajos.sk\/eshop\/p\/jsp-filterspec-resp-ffp2-ventu-okuliare\/","title":{"rendered":"JSP FILTERSPEC resp.FFP2 vent+u.okuliare"},"content":{"rendered":"","protected":false},"excerpt":{"rendered":"<p>Uzavret\u00e9 okuliare, zorn\u00edk odoln\u00fd proti po\u0161kriabaniu a zahmlievaniu. Respir\u00e1tor FFP2 s ventilom. EN166.1.B.T<\/p>\n","protected":false},"featured_media":351676,"template":"","meta":{"_acf_changed":false,"inline_featured_image":false},"product_brand":[],"product_cat":[2146,2147,2148,2128],"product_tag":[1209],"class_list":{"0":"post-351674","1":"product","2":"type-product","3":"status-publish","4":"has-post-thumbnail","6":"product_cat-ochrana-dychacich-ciest","7":"product_cat-respiratory","8":"product_cat-ffp2","9":"product_cat-ochranne-pomocky","10":"product_tag-jsp","11":"pa_velkost-uni","13":"first","14":"instock","15":"taxable","16":"shipping-taxable","17":"purchasable","18":"product-type-variable"},"acf":[],"_links":{"self":[{"href":"https:\/\/gajos.sk\/eshop\/wp-json\/wp\/v2\/product\/351674","targetHints":{"allow":["GET"]}}],"collection":[{"href":"https:\/\/gajos.sk\/eshop\/wp-json\/wp\/v2\/product"}],"about":[{"href":"https:\/\/gajos.sk\/eshop\/wp-json\/wp\/v2\/types\/product"}],"wp:featuredmedia":[{"embeddable":true,"href":"https:\/\/gajos.sk\/eshop\/wp-json\/wp\/v2\/media\/351676"}],"wp:attachment":[{"href":"https:\/\/gajos.sk\/eshop\/wp-json\/wp\/v2\/media?parent=351674"}],"wp:term":[{"taxonomy":"product_brand","embeddable":true,"href":"https:\/\/gajos.sk\/eshop\/wp-json\/wp\/v2\/product_brand?post=351674"},{"taxonomy":"product_cat","embeddable":true,"href":"https:\/\/gajos.sk\/eshop\/wp-json\/wp\/v2\/product_cat?post=351674"},{"taxonomy":"product_tag","embeddable":true,"href":"https:\/\/gajos.sk\/eshop\/wp-json\/wp\/v2\/product_tag?post=351674"}],"curies":[{"name":"wp","href":"https:\/\/api.w.org\/{rel}","templated":true}]}}